{"id":3219,"date":"2023-09-14T20:08:45","date_gmt":"2023-09-14T20:08:45","guid":{"rendered":"https:\/\/www.promptmedurgentcare.net\/covid-2\/"},"modified":"2025-05-19T20:25:49","modified_gmt":"2025-05-19T20:25:49","slug":"covid","status":"publish","type":"page","link":"https:\/\/www.promptmedurgentcare.net\/es\/covid\/","title":{"rendered":"COVID-19"},"content":{"rendered":"\t\t<div data-elementor-type=\"wp-page\" data-elementor-id=\"3219\" class=\"elementor elementor-3219 elementor-1441\" data-elementor-post-type=\"page\">\n\t\t\t\t\t\t<section class=\"elementor-section elementor-top-section elementor-element elementor-element-b7c1d8e elementor-section-boxed elementor-section-height-default elementor-section-height-default\" data-id=\"b7c1d8e\" data-element_type=\"section\" data-e-type=\"section\">\n\t\t\t\t\t\t<div class=\"elementor-container elementor-column-gap-default\">\n\t\t\t\t\t<article class=\"elementor-column elementor-col-100 elementor-top-column elementor-element elementor-element-fd84821\" data-id=\"fd84821\" data-element_type=\"column\" data-e-type=\"column\">\n\t\t\t<div class=\"elementor-widget-wrap elementor-element-populated\">\n\t\t\t\t\t\t<div class=\"elementor-element elementor-element-ccb42a6 elementor-widget elementor-widget-ucaddon_about_copy_and_image\" data-id=\"ccb42a6\" data-element_type=\"widget\" data-e-type=\"widget\" data-widget_type=\"ucaddon_about_copy_and_image.default\">\n\t\t\t\t<div class=\"elementor-widget-container\">\n\t\t\t\t\t\n<!-- start About Copy And Image -->\n<style>\/* widget: About Copy And Image *\/\n\n.block-about-copy-and-image {\n    overflow: hidden;\n    background-color: #FFFFFF;\n  margin-bottom: 25px;\n}\n\n.block-about-copy-and-image .block-row {\n    max-width: 1440px;\n}\n\n.block-about-copy-and-image .block-column-2 {\n    padding-left: 30px;\n    flex: 0 0 50%;\n    display: flex;\n    align-items: center;\n}\n\n.block-about-copy-and-image .block-column-1 {\n    padding: 85px 30px 0px 140px;\n    flex: 0 0 50%;\n    display: flex;\n    flex-direction: column;\n    justify-content: flex-end;\n    align-items: flex-start;\n}\n\n.block-about-copy-and-image .block-heading {\n    margin-bottom: 25px;\n}\n\n.block-about-copy-and-image .block-body {\n    margin-bottom: 25px;\n}\n\n.block-about-copy-and-image .button {\n    min-width: 200px;\n}\n\n.block-about-copy-and-image .button.bottom-margin {\n    margin-bottom: 45px;\n}\n\n.block-about-copy-and-image .block-background-image {\n    width: 100%;\n    height: 100%;\n    object-fit: cover;\n}\n\n@media (max-width: 1024px) {\n    .block-about-copy-and-image {\n        padding-left: 0;\n        padding-right: 0;\n        padding-bottom: 0;\n      margin-bottom: 65px;\n    }\n\n    .block-about-copy-and-image .block-row {\n        flex-direction: column;\n    }\n  \n    .block-about-copy-and-image .block-heading {\n\t\tfont-size: 1.75rem;\n    }\n\n    .block-about-copy-and-image .block-column-2 {\n        padding-left: 0;\n    }\n\n    .block-about-copy-and-image .block-column-1 {\n        padding: 65px 34px 34px;\n\n    }\n\n    .block-about-copy-and-image .block-column-2,\n    .block-about-copy-and-image .block-column-1 {\n        flex: 0 0 auto;\n        width: 100%;\n    }\n\n    .block-about-copy-and-image .block-background-image {\n        width: 100%;\n    }\n}\n\n@media (max-width: 550px) {\n    .block-about-copy-and-image .block-background-image {\n        width: 140%;\n        margin-left: -20%;\n        margin-right: -30%;\n        max-width: 500%;\n    }\n}\n\n<\/style>\n\n<div class=\"block block-about-copy-and-image\">\n    <div class=\"block-row\">\n        <div class=\"block-column block-column-1\">\n                        <h2 class=\"block-heading heading-medium-3xl\">COVID-19<\/h2>\n                                    <div class=\"block-body body-md\"><p><strong>ACTUALIZACI\u00d3N:<\/strong> A partir del 11 de mayo de 2023, la Emergencia de Salud P\u00fablica (PHE) relacionada con COVID-19 finaliz\u00f3, cambiando las reglas federales con respecto a las pruebas, el tratamiento y las vacunas. La mayor\u00eda de las compa\u00f1\u00edas de seguros no cubrir\u00e1n el costo de las pruebas sin s\u00edntomas presentes en el paciente.<\/p><p>Nuestras instalaciones ofrecen pruebas exhaustivas para COVID-19, incluidas pruebas de PCR que producen resultados en 20 minutos. Tambi\u00e9n ofrecemos pruebas de ant\u00edgenos que producen resultados en solo 15 minutos.<\/p><p>Si experimenta s\u00edntomas como tos, dolor de garganta o fiebre, le pedimos que use una mascarilla en el interior.<\/p><\/div>\n                    <\/div>\n        <div class=\"block-column block-column-2\">\n            <img decoding=\"async\" class=\"block-background-image\" \n                 src=\"https:\/\/www.promptmedurgentcare.net\/wp-content\/uploads\/2025\/04\/OPT_COVIDPage.jpg\" width=\"1459px\" \n                 srcset=\"https:\/\/www.promptmedurgentcare.net\/wp-content\/uploads\/2025\/04\/OPT_COVIDPage.jpg 1459w,\n                         https:\/\/www.promptmedurgentcare.net\/wp-content\/uploads\/2025\/04\/OPT_COVIDPage-1024x636.jpg 1024w, \n                         https:\/\/www.promptmedurgentcare.net\/wp-content\/uploads\/2025\/04\/OPT_COVIDPage-768x477.jpg 768w, \n                         https:\/\/www.promptmedurgentcare.net\/wp-content\/uploads\/2025\/04\/OPT_COVIDPage-445x276.jpg 445w\"\n                 sizes=\"(max-width: 720px), 40vw, 300px\"\n                 alt=\"OPT_COVIDPage\" \/>\n        <\/div>\n    <\/div>\n<\/div>\n<!-- end About Copy And Image -->\t\t\t\t<\/div>\n\t\t\t\t<\/div>\n\t\t\t\t<div class=\"elementor-element elementor-element-5eb385b elementor-widget elementor-widget-ucaddon_one_column_copy\" data-id=\"5eb385b\" data-element_type=\"widget\" data-e-type=\"widget\" data-widget_type=\"ucaddon_one_column_copy.default\">\n\t\t\t\t<div class=\"elementor-widget-container\">\n\t\t\t\t\t\n<!-- start One Column Copy -->\n<style>\/* widget: One Column Copy *\/\n\n.block-one-column-copy {\n  overflow: hidden;\n}\n.block-one-column-copy .block-row {\n    max-width: 1160px;\n}\n.block-one-column-copy .block-heading {\n    margin-bottom: 25px;\n}\n\n.block-one-column-copy .block-body {\n    margin-bottom: 25px;\n}\n.block-one-column-copy.block-hero .block-body {\n    max-width: 560px;\n}\n\n.block-one-column-copy .block-button-row {\n  display: flex;\n  align-items: flex-start;\n}\n.block-one-column-copy .block-button-prefix {\n  padding-top: 2px;\n  text-transform: uppercase;\n  color: #3c0f3f;\n}\n.block-one-column-copy .block-spacer {\n width: 6px;\n  height: 20px;\n    display: inline-block;\n  position: relative;\n}\n.block-one-column-copy .button-text {\n font-size: 1rem; \n}\n\n@media (max-width: 768px) {\n  .block-one-column-copy.block-hero .block-body {\n      max-width: 100%;\n  }\n}\n\n<\/style>\n\n<div class=\"block block-one-column-copy block-padding\">\n    <div class=\"block-row\">\n        <div class=\"block-column\">\n                        <h2 class=\"block-heading heading-medium-xl\">Covid hoy<\/h2>\n                                    <div class=\"block-body body-md\"><p>Mientras la COVID-19 siga circulando en 2024, mantenerse saludable sigue siendo una prioridad. Las vacunas actualizadas de Moderna, Pfizer y Novavax se dirigen a las \u00faltimas variantes que brindan protecci\u00f3n esencial contra enfermedades graves.<\/p><p>Los CDC recomiendan la vacunaci\u00f3n para todas las personas mayores de 6 meses, con \u00e9nfasis en aquellos con mayor riesgo, como los adultos mayores y las personas inmunodeprimidas.<\/p><p>Adem\u00e1s de la vacunaci\u00f3n, mantener buenas pr\u00e1cticas de higiene puede ayudar a reducir la propagaci\u00f3n del COVID-19. L\u00e1vese las manos frecuentemente con agua y jab\u00f3n durante al menos 20 segundos, especialmente despu\u00e9s de estar en lugares p\u00fablicos. Usar un desinfectante para manos con al menos un 60 % de alcohol es eficaz cuando no hay jab\u00f3n disponible. Usar una mascarilla que se ajuste bien en espacios interiores abarrotados tambi\u00e9n puede brindar protecci\u00f3n adicional, especialmente durante momentos de mayor transmisi\u00f3n.<\/p><p>Mantenerse saludable tambi\u00e9n significa apoyar su sistema inmunol\u00f3gico con una dieta equilibrada, ejercicio regular y sue\u00f1o adecuado. Considere mantenerse al d\u00eda con las vacunas contra la gripe, ya que la temporada de gripe a menudo se superpone con los aumentos repentinos de COVID-19. Si no se siente bien, quedarse en casa y hacerse la prueba de COVID-19 puede evitar transmitir el virus a otras personas.<\/p><p>Al tomar estas medidas proactivas, puede protegerse a s\u00ed mismo y a quienes lo rodean del impacto continuo del COVID-19.<\/p><p>Si busca consejos y apoyo para mantenerse saludable y mantener una buena higiene, visite nuestra p\u00e1gina de <a href=\"https:\/\/www.facebook.com\/promptmed\" target=\"_blank\" rel=\"noopener\">Facebook<\/a> o <a href=\"https:\/\/www.instagram.com\/promptmeduc\/\" target=\"_blank\" rel=\"noopener\">Instagram<\/a>.<\/p><\/div>\n                        <div class=\"block-button-row\">\n                            <\/div>\n        <\/div>\n    <\/div>\n<\/div>\n<!-- end One Column Copy -->\t\t\t\t<\/div>\n\t\t\t\t<\/div>\n\t\t\t\t\t<\/div>\n\t\t<\/article>\n\t\t\t\t\t<\/div>\n\t\t<\/section>\n\t\t\t\t<\/div>\n\t\t","protected":false},"excerpt":{"rendered":"<p>COVID-19 ACTUALIZACI\u00d3N: A partir del 11 de mayo de 2023, la Emergencia de Salud P\u00fablica (PHE) relacionada con COVID-19 finaliz\u00f3, cambiando las reglas federales con respecto a las pruebas, el tratamiento y las vacunas. La mayor\u00eda de las compa\u00f1\u00edas de seguros no cubrir\u00e1n el costo de las pruebas sin s\u00edntomas presentes en el paciente. Nuestras [&hellip;]<\/p>\n","protected":false},"author":2,"featured_media":0,"parent":0,"menu_order":0,"comment_status":"closed","ping_status":"closed","template":"","meta":{"_acf_changed":false,"footnotes":""},"class_list":["post-3219","page","type-page","status-publish","hentry"],"acf":[],"yoast_head":"<!-- This site is optimized with the Yoast SEO plugin v27.0 - https:\/\/yoast.com\/product\/yoast-seo-wordpress\/ -->\n<title>COVID-19 - PromptMed Urgent Care<\/title>\n<meta name=\"description\" content=\"Nuestras instalaciones ofrecen pruebas exhaustivas para COVID-19, incluidas pruebas de PCR y de ant\u00edgenos, que producen resultados en aproximadamente 15 minutos. Obtenga m\u00e1s informaci\u00f3n.\" \/>\n<meta name=\"robots\" content=\"index, follow, max-snippet:-1, max-image-preview:large, max-video-preview:-1\" \/>\n<link rel=\"canonical\" href=\"https:\/\/www.promptmedurgentcare.net\/es\/covid\/\" \/>\n<meta property=\"og:locale\" content=\"es_ES\" \/>\n<meta property=\"og:type\" content=\"article\" \/>\n<meta property=\"og:title\" content=\"COVID-19 - PromptMed Urgent Care\" \/>\n<meta property=\"og:description\" content=\"Nuestras instalaciones ofrecen pruebas exhaustivas para COVID-19, incluidas pruebas de PCR y de ant\u00edgenos, que producen resultados en aproximadamente 15 minutos. Obtenga m\u00e1s informaci\u00f3n.\" \/>\n<meta property=\"og:url\" content=\"https:\/\/www.promptmedurgentcare.net\/es\/covid\/\" \/>\n<meta property=\"og:site_name\" content=\"PromptMed Urgent Care\" \/>\n<meta property=\"article:modified_time\" content=\"2025-05-19T20:25:49+00:00\" \/>\n<meta property=\"og:image\" content=\"https:\/\/www.promptmedurgentcare.net\/wp-content\/uploads\/2025\/04\/OPT_COVIDPage.jpg\" \/>\n<meta name=\"twitter:card\" content=\"summary_large_image\" \/>\n<meta name=\"twitter:label1\" content=\"Tiempo de lectura\" \/>\n\t<meta name=\"twitter:data1\" content=\"2 minutos\" \/>\n<script type=\"application\/ld+json\" class=\"yoast-schema-graph\">{\"@context\":\"https:\/\/schema.org\",\"@graph\":[{\"@type\":\"WebPage\",\"@id\":\"https:\/\/www.promptmedurgentcare.net\/es\/covid\/\",\"url\":\"https:\/\/www.promptmedurgentcare.net\/es\/covid\/\",\"name\":\"COVID-19 - PromptMed Urgent Care\",\"isPartOf\":{\"@id\":\"https:\/\/promptmedurgentcare.net\/#website\"},\"primaryImageOfPage\":{\"@id\":\"https:\/\/www.promptmedurgentcare.net\/es\/covid\/#primaryimage\"},\"image\":{\"@id\":\"https:\/\/www.promptmedurgentcare.net\/es\/covid\/#primaryimage\"},\"thumbnailUrl\":\"https:\/\/www.promptmedurgentcare.net\/wp-content\/uploads\/2025\/04\/OPT_COVIDPage.jpg\",\"datePublished\":\"2023-09-14T20:08:45+00:00\",\"dateModified\":\"2025-05-19T20:25:49+00:00\",\"description\":\"Nuestras instalaciones ofrecen pruebas exhaustivas para COVID-19, incluidas pruebas de PCR y de ant\u00edgenos, que producen resultados en aproximadamente 15 minutos. Obtenga m\u00e1s informaci\u00f3n.\",\"breadcrumb\":{\"@id\":\"https:\/\/www.promptmedurgentcare.net\/es\/covid\/#breadcrumb\"},\"inLanguage\":\"es\",\"potentialAction\":[{\"@type\":\"ReadAction\",\"target\":[\"https:\/\/www.promptmedurgentcare.net\/es\/covid\/\"]}]},{\"@type\":\"ImageObject\",\"inLanguage\":\"es\",\"@id\":\"https:\/\/www.promptmedurgentcare.net\/es\/covid\/#primaryimage\",\"url\":\"https:\/\/www.promptmedurgentcare.net\/wp-content\/uploads\/2025\/04\/OPT_COVIDPage.jpg\",\"contentUrl\":\"https:\/\/www.promptmedurgentcare.net\/wp-content\/uploads\/2025\/04\/OPT_COVIDPage.jpg\"},{\"@type\":\"BreadcrumbList\",\"@id\":\"https:\/\/www.promptmedurgentcare.net\/es\/covid\/#breadcrumb\",\"itemListElement\":[{\"@type\":\"ListItem\",\"position\":1,\"name\":\"Home\",\"item\":\"https:\/\/www.promptmedurgentcare.net\/es\/\"},{\"@type\":\"ListItem\",\"position\":2,\"name\":\"COVID-19\"}]},{\"@type\":\"WebSite\",\"@id\":\"https:\/\/promptmedurgentcare.net\/#website\",\"url\":\"https:\/\/promptmedurgentcare.net\/\",\"name\":\"PromptMed Urgent Care\",\"description\":\"Neighborhood Walk-In Medical Clinics\",\"publisher\":{\"@id\":\"https:\/\/promptmedurgentcare.net\/#organization\"},\"potentialAction\":[{\"@type\":\"SearchAction\",\"target\":{\"@type\":\"EntryPoint\",\"urlTemplate\":\"https:\/\/promptmedurgentcare.net\/?s={search_term_string}\"},\"query-input\":{\"@type\":\"PropertyValueSpecification\",\"valueRequired\":true,\"valueName\":\"search_term_string\"}}],\"inLanguage\":\"es\"},{\"@type\":\"Organization\",\"@id\":\"https:\/\/promptmedurgentcare.net\/#organization\",\"name\":\"PromptMed Urgent Care\",\"url\":\"https:\/\/promptmedurgentcare.net\/\",\"logo\":{\"@type\":\"ImageObject\",\"inLanguage\":\"es\",\"@id\":\"https:\/\/promptmedurgentcare.net\/#\/schema\/logo\/image\/\",\"url\":\"https:\/\/www.promptmedurgentcare.net\/wp-content\/uploads\/2023\/07\/promptmed-logo.svg\",\"contentUrl\":\"https:\/\/www.promptmedurgentcare.net\/wp-content\/uploads\/2023\/07\/promptmed-logo.svg\",\"caption\":\"PromptMed Urgent Care\"},\"image\":{\"@id\":\"https:\/\/promptmedurgentcare.net\/#\/schema\/logo\/image\/\"}}]}<\/script>\n<!-- \/ Yoast SEO plugin. -->","yoast_head_json":{"title":"COVID-19 - PromptMed Urgent Care","description":"Nuestras instalaciones ofrecen pruebas exhaustivas para COVID-19, incluidas pruebas de PCR y de ant\u00edgenos, que producen resultados en aproximadamente 15 minutos. Obtenga m\u00e1s informaci\u00f3n.","robots":{"index":"index","follow":"follow","max-snippet":"max-snippet:-1","max-image-preview":"max-image-preview:large","max-video-preview":"max-video-preview:-1"},"canonical":"https:\/\/www.promptmedurgentcare.net\/es\/covid\/","og_locale":"es_ES","og_type":"article","og_title":"COVID-19 - PromptMed Urgent Care","og_description":"Nuestras instalaciones ofrecen pruebas exhaustivas para COVID-19, incluidas pruebas de PCR y de ant\u00edgenos, que producen resultados en aproximadamente 15 minutos. Obtenga m\u00e1s informaci\u00f3n.","og_url":"https:\/\/www.promptmedurgentcare.net\/es\/covid\/","og_site_name":"PromptMed Urgent Care","article_modified_time":"2025-05-19T20:25:49+00:00","og_image":[{"url":"https:\/\/www.promptmedurgentcare.net\/wp-content\/uploads\/2025\/04\/OPT_COVIDPage.jpg","type":"","width":"","height":""}],"twitter_card":"summary_large_image","twitter_misc":{"Tiempo de lectura":"2 minutos"},"schema":{"@context":"https:\/\/schema.org","@graph":[{"@type":"WebPage","@id":"https:\/\/www.promptmedurgentcare.net\/es\/covid\/","url":"https:\/\/www.promptmedurgentcare.net\/es\/covid\/","name":"COVID-19 - PromptMed Urgent Care","isPartOf":{"@id":"https:\/\/promptmedurgentcare.net\/#website"},"primaryImageOfPage":{"@id":"https:\/\/www.promptmedurgentcare.net\/es\/covid\/#primaryimage"},"image":{"@id":"https:\/\/www.promptmedurgentcare.net\/es\/covid\/#primaryimage"},"thumbnailUrl":"https:\/\/www.promptmedurgentcare.net\/wp-content\/uploads\/2025\/04\/OPT_COVIDPage.jpg","datePublished":"2023-09-14T20:08:45+00:00","dateModified":"2025-05-19T20:25:49+00:00","description":"Nuestras instalaciones ofrecen pruebas exhaustivas para COVID-19, incluidas pruebas de PCR y de ant\u00edgenos, que producen resultados en aproximadamente 15 minutos. Obtenga m\u00e1s informaci\u00f3n.","breadcrumb":{"@id":"https:\/\/www.promptmedurgentcare.net\/es\/covid\/#breadcrumb"},"inLanguage":"es","potentialAction":[{"@type":"ReadAction","target":["https:\/\/www.promptmedurgentcare.net\/es\/covid\/"]}]},{"@type":"ImageObject","inLanguage":"es","@id":"https:\/\/www.promptmedurgentcare.net\/es\/covid\/#primaryimage","url":"https:\/\/www.promptmedurgentcare.net\/wp-content\/uploads\/2025\/04\/OPT_COVIDPage.jpg","contentUrl":"https:\/\/www.promptmedurgentcare.net\/wp-content\/uploads\/2025\/04\/OPT_COVIDPage.jpg"},{"@type":"BreadcrumbList","@id":"https:\/\/www.promptmedurgentcare.net\/es\/covid\/#breadcrumb","itemListElement":[{"@type":"ListItem","position":1,"name":"Home","item":"https:\/\/www.promptmedurgentcare.net\/es\/"},{"@type":"ListItem","position":2,"name":"COVID-19"}]},{"@type":"WebSite","@id":"https:\/\/promptmedurgentcare.net\/#website","url":"https:\/\/promptmedurgentcare.net\/","name":"PromptMed Urgent Care","description":"Neighborhood Walk-In Medical Clinics","publisher":{"@id":"https:\/\/promptmedurgentcare.net\/#organization"},"potentialAction":[{"@type":"SearchAction","target":{"@type":"EntryPoint","urlTemplate":"https:\/\/promptmedurgentcare.net\/?s={search_term_string}"},"query-input":{"@type":"PropertyValueSpecification","valueRequired":true,"valueName":"search_term_string"}}],"inLanguage":"es"},{"@type":"Organization","@id":"https:\/\/promptmedurgentcare.net\/#organization","name":"PromptMed Urgent Care","url":"https:\/\/promptmedurgentcare.net\/","logo":{"@type":"ImageObject","inLanguage":"es","@id":"https:\/\/promptmedurgentcare.net\/#\/schema\/logo\/image\/","url":"https:\/\/www.promptmedurgentcare.net\/wp-content\/uploads\/2023\/07\/promptmed-logo.svg","contentUrl":"https:\/\/www.promptmedurgentcare.net\/wp-content\/uploads\/2023\/07\/promptmed-logo.svg","caption":"PromptMed Urgent Care"},"image":{"@id":"https:\/\/promptmedurgentcare.net\/#\/schema\/logo\/image\/"}}]}},"_links":{"self":[{"href":"https:\/\/www.promptmedurgentcare.net\/es\/wp-json\/wp\/v2\/pages\/3219","targetHints":{"allow":["GET"]}}],"collection":[{"href":"https:\/\/www.promptmedurgentcare.net\/es\/wp-json\/wp\/v2\/pages"}],"about":[{"href":"https:\/\/www.promptmedurgentcare.net\/es\/wp-json\/wp\/v2\/types\/page"}],"author":[{"embeddable":true,"href":"https:\/\/www.promptmedurgentcare.net\/es\/wp-json\/wp\/v2\/users\/2"}],"replies":[{"embeddable":true,"href":"https:\/\/www.promptmedurgentcare.net\/es\/wp-json\/wp\/v2\/comments?post=3219"}],"version-history":[{"count":10,"href":"https:\/\/www.promptmedurgentcare.net\/es\/wp-json\/wp\/v2\/pages\/3219\/revisions"}],"predecessor-version":[{"id":7472,"href":"https:\/\/www.promptmedurgentcare.net\/es\/wp-json\/wp\/v2\/pages\/3219\/revisions\/7472"}],"wp:attachment":[{"href":"https:\/\/www.promptmedurgentcare.net\/es\/wp-json\/wp\/v2\/media?parent=3219"}],"curies":[{"name":"wp","href":"https:\/\/api.w.org\/{rel}","templated":true}]}}