{"id":3215,"date":"2023-09-15T15:49:07","date_gmt":"2023-09-15T15:49:07","guid":{"rendered":"https:\/\/www.promptmedurgentcare.net\/testimonials-2\/"},"modified":"2024-11-12T22:31:35","modified_gmt":"2024-11-12T22:31:35","slug":"testimonials","status":"publish","type":"page","link":"https:\/\/www.promptmedurgentcare.net\/es\/testimonials\/","title":{"rendered":"Testimonios"},"content":{"rendered":"\t\t<div data-elementor-type=\"wp-page\" data-elementor-id=\"3215\" class=\"elementor elementor-3215 elementor-1489\" data-elementor-post-type=\"page\">\n\t\t\t\t\t\t<section class=\"elementor-section elementor-top-section elementor-element elementor-element-67e63c3 elementor-section-boxed elementor-section-height-default elementor-section-height-default\" data-id=\"67e63c3\" data-element_type=\"section\" data-e-type=\"section\">\n\t\t\t\t\t\t<div class=\"elementor-container elementor-column-gap-default\">\n\t\t\t\t\t<div class=\"elementor-column elementor-col-100 elementor-top-column elementor-element elementor-element-a4f1b99\" data-id=\"a4f1b99\" data-element_type=\"column\" data-e-type=\"column\">\n\t\t\t<div class=\"elementor-widget-wrap\">\n\t\t\t\t\t\t\t<\/div>\n\t\t<\/div>\n\t\t\t\t\t<\/div>\n\t\t<\/section>\n\t\t\t\t<section class=\"elementor-section elementor-top-section elementor-element elementor-element-9369c4b elementor-section-boxed elementor-section-height-default elementor-section-height-default\" data-id=\"9369c4b\" data-element_type=\"section\" data-e-type=\"section\" data-settings=\"{&quot;background_background&quot;:&quot;classic&quot;}\">\n\t\t\t\t\t\t<div class=\"elementor-container elementor-column-gap-default\">\n\t\t\t\t\t<section class=\"elementor-column elementor-col-100 elementor-top-column elementor-element elementor-element-7f26f23\" data-id=\"7f26f23\" data-element_type=\"column\" data-e-type=\"column\" data-settings=\"{&quot;background_background&quot;:&quot;classic&quot;}\">\n\t\t\t<div class=\"elementor-widget-wrap elementor-element-populated\">\n\t\t\t\t\t\t<div class=\"elementor-element elementor-element-88ff371 elementor-widget elementor-widget-ucaddon_testimonial\" data-id=\"88ff371\" data-element_type=\"widget\" data-e-type=\"widget\" data-widget_type=\"ucaddon_testimonial.default\">\n\t\t\t\t<div class=\"elementor-widget-container\">\n\t\t\t\t\t\n<!-- start Testimonial Carousel -->\n\t\t<link id='owl-carousel-css' href='https:\/\/www.promptmedurgentcare.net\/wp-content\/plugins\/unlimited-elements-for-elementor\/assets_libraries\/owl-carousel-new\/assets\/owl.carousel.css' type='text\/css' rel='stylesheet' >\n\n<style>\/* widget: Testimonial Carousel *\/\n\n.block-testimonial-carousel {\n    background-color: #F3F3F9;\n  \tmargin: 0 auto;\n}\n\n.block-testimonial-carousel .block-image {\n  display: inline;\n  position: absolute;\n  left: 0;\n  bottom: 0;\n  width: 197px;\n}\n\n.block-testimonial-carousel .block-column {\n\tmax-width: 750px;\n}\n\n.block-testimonial-carousel .block-heading {\n    color: var(--e-global-color-primary);\n    margin-bottom: 25px;\n}\n\n.block-testimonial-carousel .item-heading {\n\tcolor: var(--e-global-color-secondary);\n  \tmargin-bottom: 15px;\n  \tfont-weight: 700;\n    font-size: 3.75rem;\n    line-height: 1;\n}\n\n.block-testimonial-carousel .item-body {\n\tcolor: var(--e-global-color-primary);\n    margin-bottom: 30px;\n  \tline-height: 1.5;\n}\n\n.block-testimonial-carousel .item-name {\n\tcolor: var(--e-global-color-primary);\n    margin-bottom: 45px;\n}\n\n.block-testimonial-carousel .owl-theme .owl-dots, \n.block-testimonial-carousel .owl-theme .owl-nav {\n    text-align: center;\n    -webkit-tap-highlight-color: transparent;  \n}\n\n.block-testimonial-carousel .owl-theme .owl-dots .owl-dot span {\n    width: 10px;\n    height: 10px;\n    margin: 5px 7px;\n    background: transparent;\n    display: block;\n    -webkit-backface-visibility: visible;\n    transition: opacity .2s ease;\n    border-radius: 30px;\n  \tborder: 1px solid #AEB1D9;\n}\n\n.block-testimonial-carousel .owl-theme .owl-dots .owl-dot.active span, \n.block-testimonial-carousel .owl-theme .owl-dots .owl-dot:hover span {\n    background: #AEB1D9;\n}\n\n@media (max-width: 1200px) {\n  .block-testimonial-carousel .block-image {\n    width: 13vw;\n  }\n}\n\n@media (max-width: 1024px) {\n  .block-testimonial-carousel .block-image {\n    width: 94px;\n  }\n  .block-testimonial-carousel .item-heading {\n    font-size: 2.5rem;\n    line-height: 1.25;\n  }\n  .block-testimonial-carousel .item-body {\n  \tline-height: 1.1;\n  }\n  .block-testimonial-carousel .item-name {\n    margin-bottom: 100px;\n  }\n \n}\n\n@media (max-width: 768px) {\n  .block-testimonial-carousel .owl-theme .owl-dots .owl-dot span {\n  \t\tmargin: 20px 21px;\n  }\n}\n\n\/*Used to improve CLS*\/\n.owl-carousel {\n  touch-action: manipulation;\n}\n\n<\/style>\n\n<div class=\"block block-padding block-testimonial-carousel\">\n    <img decoding=\"async\" class=\"block-image\"\n     src=\"\" \n     width=\"\" \n     srcset=\" 445w, \n               300w\" \n     sizes=\"(max-width: 197px), 10vw, 197px\" alt=\"\"\/>\n  <div id=\"uc_testimonial_elementor_88ff371\" class=\"block-row\">\n        <div class=\"block-column block-column-1\">\n                    <h2 class=\"block-heading heading-bold-md\">Testimonios de pacientes <\/h2>\n                    <div class=\"owl-carousel owl-theme testimonials\">\n            <div class=\"item testimonial-content\">\n    \t<div class=\"item-heading\">\"\u00a1Todo el equipo es estupendo!<\/div>\n      \t<div class=\"item-body heading-medium-sm\">Son amables y compasivos. Ellos trabajan duro para asegurarse de que su visita es lo m\u00e1s corto posible y tienen una gran comunicaci\u00f3n al respecto. \u00a1Recomiendo encarecidamente esta oficina! \"<\/div>\n      \t<div class=\"item-name inkwell-script-lg\">-E.B.<\/div>\n  <\/div>\n<div class=\"item testimonial-content\">\n    \t<div class=\"item-heading\">\"\u00a1Proveedores y enfermeras muy agradables!<\/div>\n      \t<div class=\"item-body heading-medium-sm\">Siempre son muy amables y te ayudan a resolver tus dudas o preguntas. Me encanta este sitio\".<\/div>\n      \t<div class=\"item-name inkwell-script-lg\">-J.L.<\/div>\n  <\/div>\n<div class=\"item testimonial-content\">\n    \t<div class=\"item-heading\">\"\u00a1Excelente servicio al cliente y adem\u00e1s r\u00e1pido y amable!<\/div>\n      \t<div class=\"item-body heading-medium-sm\">La mujer de la recepci\u00f3n es incre\u00edble en su trabajo y es muy educada e informada. Recomendar\u00eda encarecidamente esta atenci\u00f3n urgente a cualquier persona de la zona que busque atenci\u00f3n sanitaria de calidad.\"<\/div>\n      \t<div class=\"item-name inkwell-script-lg\">-N.H.<\/div>\n  <\/div>\n<div class=\"item testimonial-content\">\n    \t<div class=\"item-heading\">\"Qu\u00e9 gente tan dulce y qu\u00e9 suerte que estuvieran dispuestos a ayudarme.<\/div>\n      \t<div class=\"item-body heading-medium-sm\">Hizo que la experiencia fuera menos estresante y f\u00e1cil de entrar y salir en un fin de semana festivo.\"<\/div>\n      \t<div class=\"item-name inkwell-script-lg\">-E.K.<\/div>\n  <\/div>\n<div class=\"item testimonial-content\">\n    \t<div class=\"item-heading\">\"Qued\u00e9 muy impresionado con este centro de atenci\u00f3n urgente.<\/div>\n      \t<div class=\"item-body heading-medium-sm\">Llegu\u00e9 justo cuando abrieron y como la cl\u00ednica se llen\u00f3 r\u00e1pidamente, la recepcionista fue muy servicial con todo el mundo y proporcion\u00f3 tiempos de espera estimados. Los proveedores fueron muy amables y escucharon atentamente todos mis s\u00edntomas, me explicaron su plan y se aseguraron de responder a mis preguntas. En general, una experiencia muy r\u00e1pida y agradable\".<\/div>\n      \t<div class=\"item-name inkwell-script-lg\">-S.Q.<\/div>\n  <\/div>\n<div class=\"item testimonial-content\">\n    \t<div class=\"item-heading\">\"Todo el mundo en PromtpMed Urgent Care hace un trabajo incre\u00edble de hacerte sentir valorado.<\/div>\n      \t<div class=\"item-body heading-medium-sm\">Tienen una gran compasi\u00f3n por sus pacientes\".<\/div>\n      \t<div class=\"item-name inkwell-script-lg\">-C.E.<\/div>\n  <\/div>\n<div class=\"item testimonial-content\">\n    \t<div class=\"item-heading\">\"En general, mi experiencia en esta atenci\u00f3n urgente fue muy agradable y limpia.<\/div>\n      \t<div class=\"item-body heading-medium-sm\">Personal excepcionalmente agradable, muy r\u00e1pido, muy profesional. Recomendar\u00eda volver si fuera necesario. Gracias a todos en PromptMed Urgent Care\".<\/div>\n      \t<div class=\"item-name inkwell-script-lg\">-J.C.<\/div>\n  <\/div>\n<div class=\"item testimonial-content\">\n    \t<div class=\"item-heading\">\"Definitivamente volver\u00eda aqu\u00ed. <\/div>\n      \t<div class=\"item-body heading-medium-sm\">A diferencia de cualquier otro centro sanitario en el que haya estado en muchos a\u00f1os, fueron muy agradables, amables y atentos. Adem\u00e1s fueron minuciosos y profesionales. Realmente sent\u00ed que se preocupaban por mi salud y las razones por las que estaba all\u00ed. Me impresion\u00f3 mucho despu\u00e9s de tantas malas experiencias en otros sitios\".<\/div>\n      \t<div class=\"item-name inkwell-script-lg\">-J.O.<\/div>\n  <\/div>\n<div class=\"item testimonial-content\">\n    \t<div class=\"item-heading\">\"Es una instalaci\u00f3n excelente.<\/div>\n      \t<div class=\"item-body heading-medium-sm\">Desde la entrada hasta la salida todo fue genial. El personal es muy amable y servicial, el servicio fue r\u00e1pido y sencillo, y las instalaciones est\u00e1n superlimpias. No es un lugar en el que quiera encontrarme a menudo, pero s\u00e9 que si alguna vez pasa algo, son capaces de manejarlo\".<\/div>\n      \t<div class=\"item-name inkwell-script-lg\">-M.S.<\/div>\n  <\/div>\n<div class=\"item testimonial-content\">\n    \t<div class=\"item-heading\">\"Atenci\u00f3n amable, profesional y r\u00e1pida en un entorno precioso.<\/div>\n      \t<div class=\"item-body heading-medium-sm\">Ubicaci\u00f3n perfecta\".<\/div>\n      \t<div class=\"item-name inkwell-script-lg\">-I.M.<\/div>\n  <\/div>\n\n          <\/div>\n        <\/div>\n    <\/div>\n<\/div>\n<!-- end Testimonial Carousel -->\t\t\t\t<\/div>\n\t\t\t\t<\/div>\n\t\t\t\t\t<\/div>\n\t\t<\/section>\n\t\t\t\t\t<\/div>\n\t\t<\/section>\n\t\t\t\t<\/div>\n\t\t","protected":false},"excerpt":{"rendered":"<p>Testimonios de pacientes \u00ab\u00a1Todo el equipo es estupendo! Son amables y compasivos. Ellos trabajan duro para asegurarse de que su visita es lo m\u00e1s corto posible y tienen una gran comunicaci\u00f3n al respecto. \u00a1Recomiendo encarecidamente esta oficina! \u00ab -E.B. \u00ab\u00a1Proveedores y enfermeras muy agradables! Siempre son muy amables y te ayudan a resolver tus dudas [&hellip;]<\/p>\n","protected":false},"author":2,"featured_media":0,"parent":0,"menu_order":0,"comment_status":"closed","ping_status":"closed","template":"","meta":{"_acf_changed":false,"footnotes":""},"class_list":["post-3215","page","type-page","status-publish","hentry"],"acf":[],"yoast_head":"<!-- This site is optimized with the Yoast SEO plugin v27.0 - https:\/\/yoast.com\/product\/yoast-seo-wordpress\/ -->\n<title>Testimonios - PromptMed Urgent Care<\/title>\n<meta name=\"description\" content=\"Testimonios de atenci\u00f3n de urgencia de PromptMed. Vea lo que han dicho pacientes anteriores sobre su experiencia con nosotros. Reserve una cita o ac\u00e9rquese hoy.\" \/>\n<meta name=\"robots\" content=\"index, follow, max-snippet:-1, max-image-preview:large, max-video-preview:-1\" \/>\n<link rel=\"canonical\" href=\"https:\/\/www.promptmedurgentcare.net\/es\/testimonials\/\" \/>\n<meta property=\"og:locale\" content=\"es_ES\" \/>\n<meta property=\"og:type\" content=\"article\" \/>\n<meta property=\"og:title\" content=\"Testimonios - PromptMed Urgent Care\" \/>\n<meta property=\"og:description\" content=\"Testimonios de atenci\u00f3n de urgencia de PromptMed. Vea lo que han dicho pacientes anteriores sobre su experiencia con nosotros. Reserve una cita o ac\u00e9rquese hoy.\" \/>\n<meta property=\"og:url\" content=\"https:\/\/www.promptmedurgentcare.net\/es\/testimonials\/\" \/>\n<meta property=\"og:site_name\" content=\"PromptMed Urgent Care\" \/>\n<meta property=\"article:modified_time\" content=\"2024-11-12T22:31:35+00:00\" \/>\n<meta name=\"twitter:card\" content=\"summary_large_image\" \/>\n<meta name=\"twitter:label1\" content=\"Tiempo de lectura\" \/>\n\t<meta name=\"twitter:data1\" content=\"2 minutos\" \/>\n<script type=\"application\/ld+json\" class=\"yoast-schema-graph\">{\"@context\":\"https:\/\/schema.org\",\"@graph\":[{\"@type\":\"WebPage\",\"@id\":\"https:\/\/www.promptmedurgentcare.net\/es\/testimonials\/\",\"url\":\"https:\/\/www.promptmedurgentcare.net\/es\/testimonials\/\",\"name\":\"Testimonios - PromptMed Urgent Care\",\"isPartOf\":{\"@id\":\"https:\/\/promptmedurgentcare.net\/#website\"},\"datePublished\":\"2023-09-15T15:49:07+00:00\",\"dateModified\":\"2024-11-12T22:31:35+00:00\",\"description\":\"Testimonios de atenci\u00f3n de urgencia de PromptMed. Vea lo que han dicho pacientes anteriores sobre su experiencia con nosotros. Reserve una cita o ac\u00e9rquese hoy.\",\"breadcrumb\":{\"@id\":\"https:\/\/www.promptmedurgentcare.net\/es\/testimonials\/#breadcrumb\"},\"inLanguage\":\"es\",\"potentialAction\":[{\"@type\":\"ReadAction\",\"target\":[\"https:\/\/www.promptmedurgentcare.net\/es\/testimonials\/\"]}]},{\"@type\":\"BreadcrumbList\",\"@id\":\"https:\/\/www.promptmedurgentcare.net\/es\/testimonials\/#breadcrumb\",\"itemListElement\":[{\"@type\":\"ListItem\",\"position\":1,\"name\":\"Home\",\"item\":\"https:\/\/www.promptmedurgentcare.net\/es\/\"},{\"@type\":\"ListItem\",\"position\":2,\"name\":\"Testimonios\"}]},{\"@type\":\"WebSite\",\"@id\":\"https:\/\/promptmedurgentcare.net\/#website\",\"url\":\"https:\/\/promptmedurgentcare.net\/\",\"name\":\"PromptMed Urgent Care\",\"description\":\"Neighborhood Walk-In Medical Clinics\",\"publisher\":{\"@id\":\"https:\/\/promptmedurgentcare.net\/#organization\"},\"potentialAction\":[{\"@type\":\"SearchAction\",\"target\":{\"@type\":\"EntryPoint\",\"urlTemplate\":\"https:\/\/promptmedurgentcare.net\/?s={search_term_string}\"},\"query-input\":{\"@type\":\"PropertyValueSpecification\",\"valueRequired\":true,\"valueName\":\"search_term_string\"}}],\"inLanguage\":\"es\"},{\"@type\":\"Organization\",\"@id\":\"https:\/\/promptmedurgentcare.net\/#organization\",\"name\":\"PromptMed Urgent Care\",\"url\":\"https:\/\/promptmedurgentcare.net\/\",\"logo\":{\"@type\":\"ImageObject\",\"inLanguage\":\"es\",\"@id\":\"https:\/\/promptmedurgentcare.net\/#\/schema\/logo\/image\/\",\"url\":\"https:\/\/www.promptmedurgentcare.net\/wp-content\/uploads\/2023\/07\/promptmed-logo.svg\",\"contentUrl\":\"https:\/\/www.promptmedurgentcare.net\/wp-content\/uploads\/2023\/07\/promptmed-logo.svg\",\"caption\":\"PromptMed Urgent Care\"},\"image\":{\"@id\":\"https:\/\/promptmedurgentcare.net\/#\/schema\/logo\/image\/\"}}]}<\/script>\n<!-- \/ Yoast SEO plugin. -->","yoast_head_json":{"title":"Testimonios - PromptMed Urgent Care","description":"Testimonios de atenci\u00f3n de urgencia de PromptMed. Vea lo que han dicho pacientes anteriores sobre su experiencia con nosotros. Reserve una cita o ac\u00e9rquese hoy.","robots":{"index":"index","follow":"follow","max-snippet":"max-snippet:-1","max-image-preview":"max-image-preview:large","max-video-preview":"max-video-preview:-1"},"canonical":"https:\/\/www.promptmedurgentcare.net\/es\/testimonials\/","og_locale":"es_ES","og_type":"article","og_title":"Testimonios - PromptMed Urgent Care","og_description":"Testimonios de atenci\u00f3n de urgencia de PromptMed. Vea lo que han dicho pacientes anteriores sobre su experiencia con nosotros. Reserve una cita o ac\u00e9rquese hoy.","og_url":"https:\/\/www.promptmedurgentcare.net\/es\/testimonials\/","og_site_name":"PromptMed Urgent Care","article_modified_time":"2024-11-12T22:31:35+00:00","twitter_card":"summary_large_image","twitter_misc":{"Tiempo de lectura":"2 minutos"},"schema":{"@context":"https:\/\/schema.org","@graph":[{"@type":"WebPage","@id":"https:\/\/www.promptmedurgentcare.net\/es\/testimonials\/","url":"https:\/\/www.promptmedurgentcare.net\/es\/testimonials\/","name":"Testimonios - PromptMed Urgent Care","isPartOf":{"@id":"https:\/\/promptmedurgentcare.net\/#website"},"datePublished":"2023-09-15T15:49:07+00:00","dateModified":"2024-11-12T22:31:35+00:00","description":"Testimonios de atenci\u00f3n de urgencia de PromptMed. Vea lo que han dicho pacientes anteriores sobre su experiencia con nosotros. Reserve una cita o ac\u00e9rquese hoy.","breadcrumb":{"@id":"https:\/\/www.promptmedurgentcare.net\/es\/testimonials\/#breadcrumb"},"inLanguage":"es","potentialAction":[{"@type":"ReadAction","target":["https:\/\/www.promptmedurgentcare.net\/es\/testimonials\/"]}]},{"@type":"BreadcrumbList","@id":"https:\/\/www.promptmedurgentcare.net\/es\/testimonials\/#breadcrumb","itemListElement":[{"@type":"ListItem","position":1,"name":"Home","item":"https:\/\/www.promptmedurgentcare.net\/es\/"},{"@type":"ListItem","position":2,"name":"Testimonios"}]},{"@type":"WebSite","@id":"https:\/\/promptmedurgentcare.net\/#website","url":"https:\/\/promptmedurgentcare.net\/","name":"PromptMed Urgent Care","description":"Neighborhood Walk-In Medical Clinics","publisher":{"@id":"https:\/\/promptmedurgentcare.net\/#organization"},"potentialAction":[{"@type":"SearchAction","target":{"@type":"EntryPoint","urlTemplate":"https:\/\/promptmedurgentcare.net\/?s={search_term_string}"},"query-input":{"@type":"PropertyValueSpecification","valueRequired":true,"valueName":"search_term_string"}}],"inLanguage":"es"},{"@type":"Organization","@id":"https:\/\/promptmedurgentcare.net\/#organization","name":"PromptMed Urgent Care","url":"https:\/\/promptmedurgentcare.net\/","logo":{"@type":"ImageObject","inLanguage":"es","@id":"https:\/\/promptmedurgentcare.net\/#\/schema\/logo\/image\/","url":"https:\/\/www.promptmedurgentcare.net\/wp-content\/uploads\/2023\/07\/promptmed-logo.svg","contentUrl":"https:\/\/www.promptmedurgentcare.net\/wp-content\/uploads\/2023\/07\/promptmed-logo.svg","caption":"PromptMed Urgent Care"},"image":{"@id":"https:\/\/promptmedurgentcare.net\/#\/schema\/logo\/image\/"}}]}},"_links":{"self":[{"href":"https:\/\/www.promptmedurgentcare.net\/es\/wp-json\/wp\/v2\/pages\/3215","targetHints":{"allow":["GET"]}}],"collection":[{"href":"https:\/\/www.promptmedurgentcare.net\/es\/wp-json\/wp\/v2\/pages"}],"about":[{"href":"https:\/\/www.promptmedurgentcare.net\/es\/wp-json\/wp\/v2\/types\/page"}],"author":[{"embeddable":true,"href":"https:\/\/www.promptmedurgentcare.net\/es\/wp-json\/wp\/v2\/users\/2"}],"replies":[{"embeddable":true,"href":"https:\/\/www.promptmedurgentcare.net\/es\/wp-json\/wp\/v2\/comments?post=3215"}],"version-history":[{"count":10,"href":"https:\/\/www.promptmedurgentcare.net\/es\/wp-json\/wp\/v2\/pages\/3215\/revisions"}],"predecessor-version":[{"id":5696,"href":"https:\/\/www.promptmedurgentcare.net\/es\/wp-json\/wp\/v2\/pages\/3215\/revisions\/5696"}],"wp:attachment":[{"href":"https:\/\/www.promptmedurgentcare.net\/es\/wp-json\/wp\/v2\/media?parent=3215"}],"curies":[{"name":"wp","href":"https:\/\/api.w.org\/{rel}","templated":true}]}}