{"id":3195,"date":"2023-09-15T15:48:09","date_gmt":"2023-09-15T15:48:09","guid":{"rendered":"https:\/\/www.promptmedurgentcare.net\/escuelas-deportefisica\/"},"modified":"2025-05-19T21:22:19","modified_gmt":"2025-05-19T21:22:19","slug":"school-sport-physicals","status":"publish","type":"page","link":"https:\/\/www.promptmedurgentcare.net\/es\/school-sport-physicals\/","title":{"rendered":"Ex\u00e1menes f\u00edsicos escolares\/deportivos"},"content":{"rendered":"\t\t<div data-elementor-type=\"wp-page\" data-elementor-id=\"3195\" class=\"elementor elementor-3195\" data-elementor-post-type=\"page\">\n\t\t\t\t\t\t<section class=\"elementor-section elementor-top-section elementor-element elementor-element-ef0b45c elementor-section-boxed elementor-section-height-default elementor-section-height-default\" data-id=\"ef0b45c\" data-element_type=\"section\" data-e-type=\"section\">\n\t\t\t\t\t\t<div class=\"elementor-container elementor-column-gap-default\">\n\t\t\t\t\t<div class=\"elementor-column elementor-col-100 elementor-top-column elementor-element elementor-element-b64477f\" data-id=\"b64477f\" data-element_type=\"column\" data-e-type=\"column\">\n\t\t\t<div class=\"elementor-widget-wrap\">\n\t\t\t\t\t\t\t<\/div>\n\t\t<\/div>\n\t\t\t\t\t<\/div>\n\t\t<\/section>\n\t\t\t\t<article class=\"elementor-section elementor-top-section elementor-element elementor-element-2293e99 elementor-section-boxed elementor-section-height-default elementor-section-height-default\" data-id=\"2293e99\" data-element_type=\"section\" data-e-type=\"section\">\n\t\t\t\t\t\t<div class=\"elementor-container elementor-column-gap-default\">\n\t\t\t\t\t<div class=\"elementor-column elementor-col-100 elementor-top-column elementor-element elementor-element-faa6d11\" data-id=\"faa6d11\" data-element_type=\"column\" data-e-type=\"column\">\n\t\t\t<div class=\"elementor-widget-wrap elementor-element-populated\">\n\t\t\t\t\t\t<div class=\"elementor-element elementor-element-01232c4 elementor-widget elementor-widget-ucaddon_about_copy_and_image\" data-id=\"01232c4\" data-element_type=\"widget\" data-e-type=\"widget\" data-widget_type=\"ucaddon_about_copy_and_image.default\">\n\t\t\t\t<div class=\"elementor-widget-container\">\n\t\t\t\t\t\n<!-- start About Copy And Image -->\n<style>\/* widget: About Copy And Image *\/\n\n.block-about-copy-and-image {\n    overflow: hidden;\n    background-color: #FFFFFF;\n  margin-bottom: 25px;\n}\n\n.block-about-copy-and-image .block-row {\n    max-width: 1440px;\n}\n\n.block-about-copy-and-image .block-column-2 {\n    padding-left: 30px;\n    flex: 0 0 50%;\n    display: flex;\n    align-items: center;\n}\n\n.block-about-copy-and-image .block-column-1 {\n    padding: 85px 30px 0px 140px;\n    flex: 0 0 50%;\n    display: flex;\n    flex-direction: column;\n    justify-content: flex-end;\n    align-items: flex-start;\n}\n\n.block-about-copy-and-image .block-heading {\n    margin-bottom: 25px;\n}\n\n.block-about-copy-and-image .block-body {\n    margin-bottom: 25px;\n}\n\n.block-about-copy-and-image .button {\n    min-width: 200px;\n}\n\n.block-about-copy-and-image .button.bottom-margin {\n    margin-bottom: 45px;\n}\n\n.block-about-copy-and-image .block-background-image {\n    width: 100%;\n    height: 100%;\n    object-fit: cover;\n}\n\n@media (max-width: 1024px) {\n    .block-about-copy-and-image {\n        padding-left: 0;\n        padding-right: 0;\n        padding-bottom: 0;\n      margin-bottom: 65px;\n    }\n\n    .block-about-copy-and-image .block-row {\n        flex-direction: column;\n    }\n  \n    .block-about-copy-and-image .block-heading {\n\t\tfont-size: 1.75rem;\n    }\n\n    .block-about-copy-and-image .block-column-2 {\n        padding-left: 0;\n    }\n\n    .block-about-copy-and-image .block-column-1 {\n        padding: 65px 34px 34px;\n\n    }\n\n    .block-about-copy-and-image .block-column-2,\n    .block-about-copy-and-image .block-column-1 {\n        flex: 0 0 auto;\n        width: 100%;\n    }\n\n    .block-about-copy-and-image .block-background-image {\n        width: 100%;\n    }\n}\n\n@media (max-width: 550px) {\n    .block-about-copy-and-image .block-background-image {\n        width: 140%;\n        margin-left: -20%;\n        margin-right: -30%;\n        max-width: 500%;\n    }\n}\n\n<\/style>\n\n<div class=\"block block-about-copy-and-image\">\n    <div class=\"block-row\">\n        <div class=\"block-column block-column-1\">\n                        <h2 class=\"block-heading heading-medium-3xl\">Ex\u00e1menes f\u00edsicos escolares, deportivos y de campamentos<\/h2>\n                                    <div class=\"block-body body-md\"><p>Garantizar la salud y el bienestar de los ni\u00f1os es la principal prioridad para los padres, los educadores y PromptMed Urgent Care. Un aspecto crucial de esta responsabilidad es garantizar que los ni\u00f1os reciban ex\u00e1menes f\u00edsicos regulares en la escuela, los deportes y los campamentos. Estos ex\u00e1menes desempe\u00f1an un papel fundamental en la protecci\u00f3n de la salud f\u00edsica y el desarrollo general de los ni\u00f1os.<\/p><\/div>\n                    <\/div>\n        <div class=\"block-column block-column-2\">\n            <img decoding=\"async\" class=\"block-background-image\" \n                 src=\"https:\/\/www.promptmedurgentcare.net\/wp-content\/uploads\/2025\/04\/OPT_SchoolSportPhysicals.jpg\" width=\"798px\" \n                 srcset=\"https:\/\/www.promptmedurgentcare.net\/wp-content\/uploads\/2025\/04\/OPT_SchoolSportPhysicals.jpg 798w,\n                         https:\/\/www.promptmedurgentcare.net\/wp-content\/uploads\/2025\/04\/OPT_SchoolSportPhysicals.jpg 798w, \n                         https:\/\/www.promptmedurgentcare.net\/wp-content\/uploads\/2025\/04\/OPT_SchoolSportPhysicals-768x768.jpg 768w, \n                         https:\/\/www.promptmedurgentcare.net\/wp-content\/uploads\/2025\/04\/OPT_SchoolSportPhysicals-445x445.jpg 445w\"\n                 sizes=\"(max-width: 720px), 40vw, 300px\"\n                 alt=\"OPT_SchoolSportPhysicals\" \/>\n        <\/div>\n    <\/div>\n<\/div>\n<!-- end About Copy And Image -->\t\t\t\t<\/div>\n\t\t\t\t<\/div>\n\t\t\t\t<div class=\"elementor-element elementor-element-c978a79 elementor-widget elementor-widget-ucaddon_one_column_copy\" data-id=\"c978a79\" data-element_type=\"widget\" data-e-type=\"widget\" data-widget_type=\"ucaddon_one_column_copy.default\">\n\t\t\t\t<div class=\"elementor-widget-container\">\n\t\t\t\t\t\n<!-- start One Column Copy -->\n<style>\/* widget: One Column Copy *\/\n\n.block-one-column-copy {\n  overflow: hidden;\n}\n.block-one-column-copy .block-row {\n    max-width: 1160px;\n}\n.block-one-column-copy .block-heading {\n    margin-bottom: 25px;\n}\n\n.block-one-column-copy .block-body {\n    margin-bottom: 25px;\n}\n.block-one-column-copy.block-hero .block-body {\n    max-width: 560px;\n}\n\n.block-one-column-copy .block-button-row {\n  display: flex;\n  align-items: flex-start;\n}\n.block-one-column-copy .block-button-prefix {\n  padding-top: 2px;\n  text-transform: uppercase;\n  color: #3c0f3f;\n}\n.block-one-column-copy .block-spacer {\n width: 6px;\n  height: 20px;\n    display: inline-block;\n  position: relative;\n}\n.block-one-column-copy .button-text {\n font-size: 1rem; \n}\n\n@media (max-width: 768px) {\n  .block-one-column-copy.block-hero .block-body {\n      max-width: 100%;\n  }\n}\n\n<\/style>\n\n<div class=\"block block-one-column-copy block-padding\">\n    <div class=\"block-row\">\n        <div class=\"block-column\">\n                        <h2 class=\"block-heading heading-medium-xl\">Antes de profundizar en la importancia de estos ex\u00e1menes, comprendamos qu\u00e9 implican estos ex\u00e1menes f\u00edsicos:<\/h2>\n                                    <div class=\"block-body body-md\"><p><strong>Ex\u00e1menes f\u00edsicos en la escuela y el campamento:<\/strong> a menudo se requieren evaluaciones m\u00e9dicas integrales para ingresar al jard\u00edn de infantes o la escuela primaria. Eval\u00faan la salud, el crecimiento y el desarrollo general de un ni\u00f1o, incluida la audici\u00f3n y la visi\u00f3n. Estos ex\u00e1menes f\u00edsicos se realizan para detectar cualquier problema de salud que pueda afectar la capacidad de un ni\u00f1o para aprender o participar en actividades escolares o de campamento.<\/p><p><strong>Ex\u00e1menes f\u00edsicos deportivos:<\/strong> tambi\u00e9n conocidos como ex\u00e1menes f\u00edsicos previos a la participaci\u00f3n (EPP), son obligatorios para participar en deportes organizados. Estas evaluaciones se centran en evaluar la condici\u00f3n f\u00edsica y la salud de un ni\u00f1o, buscando cualquier condici\u00f3n que pueda hacer que la participaci\u00f3n deportiva sea insegura.<\/p><\/div>\n                        <div class=\"block-button-row\">\n                            <\/div>\n        <\/div>\n    <\/div>\n<\/div>\n<!-- end One Column Copy -->\t\t\t\t<\/div>\n\t\t\t\t<\/div>\n\t\t\t\t<div class=\"elementor-element elementor-element-345e12b elementor-widget elementor-widget-ucaddon_one_column_copy\" data-id=\"345e12b\" data-element_type=\"widget\" data-e-type=\"widget\" data-widget_type=\"ucaddon_one_column_copy.default\">\n\t\t\t\t<div class=\"elementor-widget-container\">\n\t\t\t\t\t\n<!-- start One Column Copy -->\n<style>\/* widget: One Column Copy *\/\n\n.block-one-column-copy {\n  overflow: hidden;\n}\n.block-one-column-copy .block-row {\n    max-width: 1160px;\n}\n.block-one-column-copy .block-heading {\n    margin-bottom: 25px;\n}\n\n.block-one-column-copy .block-body {\n    margin-bottom: 25px;\n}\n.block-one-column-copy.block-hero .block-body {\n    max-width: 560px;\n}\n\n.block-one-column-copy .block-button-row {\n  display: flex;\n  align-items: flex-start;\n}\n.block-one-column-copy .block-button-prefix {\n  padding-top: 2px;\n  text-transform: uppercase;\n  color: #3c0f3f;\n}\n.block-one-column-copy .block-spacer {\n width: 6px;\n  height: 20px;\n    display: inline-block;\n  position: relative;\n}\n.block-one-column-copy .button-text {\n font-size: 1rem; \n}\n\n@media (max-width: 768px) {\n  .block-one-column-copy.block-hero .block-body {\n      max-width: 100%;\n  }\n}\n\n<\/style>\n\n<div class=\"block block-one-column-copy block-padding\">\n    <div class=\"block-row\">\n        <div class=\"block-column\">\n                        <h3 class=\"block-heading heading-medium-xl\">\u00bfPor qu\u00e9 son importantes estos ex\u00e1menes?<\/h3>\n                                    <div class=\"block-body body-md\"><p><strong>Detectar problemas de salud ocultos:<\/strong><\/p><p>Una de las principales razones por las que los ex\u00e1menes f\u00edsicos en las escuelas, los deportes y los campamentos son cruciales es su capacidad para detectar problemas de salud ocultos. En estos ex\u00e1menes, nuestros proveedores de atenci\u00f3n m\u00e9dica pueden identificar afecciones que pueden no ser evidentes en la vida cotidiana. Por ejemplo,<\/p><ul><li>Condiciones card\u00edacas: los ex\u00e1menes f\u00edsicos deportivos pueden revelar afecciones card\u00edacas subyacentes que podr\u00edan representar un riesgo significativo durante las actividades f\u00edsicas intensas. Detectar estos problemas a tiempo puede salvar vidas.<\/li><li>Problemas de visi\u00f3n y audici\u00f3n: los ex\u00e1menes f\u00edsicos escolares incluyen pruebas de visi\u00f3n y audici\u00f3n, que ayudan a identificar problemas que podr\u00edan obstaculizar el rendimiento acad\u00e9mico de un ni\u00f1o si no se detectan. <\/li><li>Los ex\u00e1menes f\u00edsicos escolares eval\u00faan la columna vertebral de un ni\u00f1o para detectar afecciones como la escoliosis, que, si no se trata, puede provocar problemas de salud graves en la edad adulta.<\/li><\/ul><p>\u00a0<\/p><p><strong>Promover estilos de vida saludables:<\/strong> los ex\u00e1menes f\u00edsicos peri\u00f3dicos en la escuela y antes de la participaci\u00f3n deportiva sirven como una oportunidad para educar a los ni\u00f1os y a los padres sobre estilos de vida saludables. Durante estas visitas nuestro proveedor de atenci\u00f3n m\u00e9dica puede:<\/p><ul><li>Ofrezca consejos de salud: nuestros profesionales de la salud pueden brindar orientaci\u00f3n sobre nutrici\u00f3n, ejercicio y otros temas relacionados con la salud para promover el bienestar general. <\/li><li>Discutir medidas preventivas: estas citas son un momento ideal para discutir vacunas y medidas preventivas como la importancia del ejercicio regular y una dieta equilibrada. <\/li><li>Supervisar el crecimiento y la evoluci\u00f3n: al realizar un seguimiento del crecimiento y el desarrollo de un ni\u00f1o a lo largo del tiempo, los proveedores de atenci\u00f3n m\u00e9dica pueden identificar posibles preocupaciones y proporcionar intervenciones oportunas.<\/li><\/ul><p>\u00a0<\/p><p><strong>Garantizar una participaci\u00f3n deportiva segura:<\/strong> para los ni\u00f1os que practican deportes, los ex\u00e1menes f\u00edsicos deportivos son esenciales por razones de seguridad. Ayudan en:<\/p><ul><li>Evaluaci\u00f3n de riesgos: evaluar la condici\u00f3n f\u00edsica de un ni\u00f1o ayuda a determinar si est\u00e1 en condiciones de participar en deportes espec\u00edficos. Esto es crucial para prevenir lesiones.<\/li><li>Prevenci\u00f3n de lesiones: la identificaci\u00f3n de condiciones preexistentes o limitaciones f\u00edsicas permite realizar recomendaciones personalizadas para prevenir lesiones relacionadas con el deporte.<\/li><li>Planificaci\u00f3n de emergencias: en caso de una emergencia en el campo, los ex\u00e1menes f\u00edsicos deportivos garantizan que los entrenadores y el personal m\u00e9dico conozcan el historial m\u00e9dico del ni\u00f1o y cualquier condici\u00f3n relevante.<\/li><\/ul><p>\u00a0<\/p><p><strong>Cumplimiento de Normativa:<\/strong><\/p><p>Muchas escuelas y organizaciones deportivas exigen que los estudiantes se sometan a ex\u00e1menes f\u00edsicos como parte de sus requisitos de inscripci\u00f3n o participaci\u00f3n. El cumplimiento de estas regulaciones garantiza que todos los ni\u00f1os reciban las evaluaciones necesarias, lo que reduce el riesgo de lesiones o enfermedades mientras practican deportes o asisten a la escuela o al campamento.<\/p><p>Los ex\u00e1menes f\u00edsicos regulares en la escuela, los deportes y los campamentos no son s\u00f3lo controles de rutina; son herramientas vitales para salvaguardar la salud y el bienestar de los ni\u00f1os. Estos ex\u00e1menes pueden detectar problemas de salud ocultos, promover estilos de vida saludables y garantizar la participaci\u00f3n deportiva segura. Los padres, educadores y profesionales de la salud deben trabajar juntos para garantizar que los ni\u00f1os reciban sus ex\u00e1menes f\u00edsicos escolares, deportivos o de campamento a las edades recomendadas, lo que en \u00faltima instancia contribuye a su salud y \u00e9xito a largo plazo.<\/p><\/div>\n                        <div class=\"block-button-row\">\n                            <\/div>\n        <\/div>\n    <\/div>\n<\/div>\n<!-- end One Column Copy -->\t\t\t\t<\/div>\n\t\t\t\t<\/div>\n\t\t\t\t\t<\/div>\n\t\t<\/div>\n\t\t\t\t\t<\/div>\n\t\t<\/article>\n\t\t\t\t<\/div>\n\t\t","protected":false},"excerpt":{"rendered":"<p>Ex\u00e1menes f\u00edsicos escolares, deportivos y de campamentos Garantizar la salud y el bienestar de los ni\u00f1os es la principal prioridad para los padres, los educadores y PromptMed Urgent Care. Un aspecto crucial de esta responsabilidad es garantizar que los ni\u00f1os reciban ex\u00e1menes f\u00edsicos regulares en la escuela, los deportes y los campamentos. Estos ex\u00e1menes desempe\u00f1an [&hellip;]<\/p>\n","protected":false},"author":2,"featured_media":0,"parent":0,"menu_order":0,"comment_status":"closed","ping_status":"closed","template":"","meta":{"_acf_changed":false,"footnotes":""},"class_list":["post-3195","page","type-page","status-publish","hentry"],"acf":[],"yoast_head":"<!-- This site is optimized with the Yoast SEO plugin v27.0 - https:\/\/yoast.com\/product\/yoast-seo-wordpress\/ -->\n<title>Ex\u00e1menes f\u00edsicos escolares\/deportivos - PromptMed Urgent Care<\/title>\n<meta name=\"description\" content=\"\u00a1Ex\u00e1menes f\u00edsicos escolares, deportivos y de campamento por $49! Ahorre tiempo y realice el examen f\u00edsico de su hijo en PromptMed Urgent Care.\" \/>\n<meta name=\"robots\" content=\"index, follow, max-snippet:-1, max-image-preview:large, max-video-preview:-1\" \/>\n<link rel=\"canonical\" href=\"https:\/\/www.promptmedurgentcare.net\/es\/school-sport-physicals\/\" \/>\n<meta property=\"og:locale\" content=\"es_ES\" \/>\n<meta property=\"og:type\" content=\"article\" \/>\n<meta property=\"og:title\" content=\"Ex\u00e1menes f\u00edsicos escolares\/deportivos - PromptMed Urgent Care\" \/>\n<meta property=\"og:description\" content=\"\u00a1Ex\u00e1menes f\u00edsicos escolares, deportivos y de campamento por $49! Ahorre tiempo y realice el examen f\u00edsico de su hijo en PromptMed Urgent Care.\" \/>\n<meta property=\"og:url\" content=\"https:\/\/www.promptmedurgentcare.net\/es\/school-sport-physicals\/\" \/>\n<meta property=\"og:site_name\" content=\"PromptMed Urgent Care\" \/>\n<meta property=\"article:modified_time\" content=\"2025-05-19T21:22:19+00:00\" \/>\n<meta property=\"og:image\" content=\"https:\/\/www.promptmedurgentcare.net\/wp-content\/uploads\/2025\/04\/OPT_SchoolSportPhysicals.jpg\" \/>\n<meta name=\"twitter:card\" content=\"summary_large_image\" \/>\n<meta name=\"twitter:label1\" content=\"Tiempo de lectura\" \/>\n\t<meta name=\"twitter:data1\" content=\"4 minutos\" \/>\n<script type=\"application\/ld+json\" class=\"yoast-schema-graph\">{\"@context\":\"https:\/\/schema.org\",\"@graph\":[{\"@type\":\"WebPage\",\"@id\":\"https:\/\/www.promptmedurgentcare.net\/es\/school-sport-physicals\/\",\"url\":\"https:\/\/www.promptmedurgentcare.net\/es\/school-sport-physicals\/\",\"name\":\"Ex\u00e1menes f\u00edsicos escolares\/deportivos - PromptMed Urgent Care\",\"isPartOf\":{\"@id\":\"https:\/\/promptmedurgentcare.net\/#website\"},\"primaryImageOfPage\":{\"@id\":\"https:\/\/www.promptmedurgentcare.net\/es\/school-sport-physicals\/#primaryimage\"},\"image\":{\"@id\":\"https:\/\/www.promptmedurgentcare.net\/es\/school-sport-physicals\/#primaryimage\"},\"thumbnailUrl\":\"https:\/\/www.promptmedurgentcare.net\/wp-content\/uploads\/2025\/04\/OPT_SchoolSportPhysicals.jpg\",\"datePublished\":\"2023-09-15T15:48:09+00:00\",\"dateModified\":\"2025-05-19T21:22:19+00:00\",\"description\":\"\u00a1Ex\u00e1menes f\u00edsicos escolares, deportivos y de campamento por $49! Ahorre tiempo y realice el examen f\u00edsico de su hijo en PromptMed Urgent Care.\",\"breadcrumb\":{\"@id\":\"https:\/\/www.promptmedurgentcare.net\/es\/school-sport-physicals\/#breadcrumb\"},\"inLanguage\":\"es\",\"potentialAction\":[{\"@type\":\"ReadAction\",\"target\":[\"https:\/\/www.promptmedurgentcare.net\/es\/school-sport-physicals\/\"]}]},{\"@type\":\"ImageObject\",\"inLanguage\":\"es\",\"@id\":\"https:\/\/www.promptmedurgentcare.net\/es\/school-sport-physicals\/#primaryimage\",\"url\":\"https:\/\/www.promptmedurgentcare.net\/wp-content\/uploads\/2025\/04\/OPT_SchoolSportPhysicals.jpg\",\"contentUrl\":\"https:\/\/www.promptmedurgentcare.net\/wp-content\/uploads\/2025\/04\/OPT_SchoolSportPhysicals.jpg\"},{\"@type\":\"BreadcrumbList\",\"@id\":\"https:\/\/www.promptmedurgentcare.net\/es\/school-sport-physicals\/#breadcrumb\",\"itemListElement\":[{\"@type\":\"ListItem\",\"position\":1,\"name\":\"Home\",\"item\":\"https:\/\/www.promptmedurgentcare.net\/es\/\"},{\"@type\":\"ListItem\",\"position\":2,\"name\":\"Ex\u00e1menes f\u00edsicos escolares\/deportivos\"}]},{\"@type\":\"WebSite\",\"@id\":\"https:\/\/promptmedurgentcare.net\/#website\",\"url\":\"https:\/\/promptmedurgentcare.net\/\",\"name\":\"PromptMed Urgent Care\",\"description\":\"Neighborhood Walk-In Medical Clinics\",\"publisher\":{\"@id\":\"https:\/\/promptmedurgentcare.net\/#organization\"},\"potentialAction\":[{\"@type\":\"SearchAction\",\"target\":{\"@type\":\"EntryPoint\",\"urlTemplate\":\"https:\/\/promptmedurgentcare.net\/?s={search_term_string}\"},\"query-input\":{\"@type\":\"PropertyValueSpecification\",\"valueRequired\":true,\"valueName\":\"search_term_string\"}}],\"inLanguage\":\"es\"},{\"@type\":\"Organization\",\"@id\":\"https:\/\/promptmedurgentcare.net\/#organization\",\"name\":\"PromptMed Urgent Care\",\"url\":\"https:\/\/promptmedurgentcare.net\/\",\"logo\":{\"@type\":\"ImageObject\",\"inLanguage\":\"es\",\"@id\":\"https:\/\/promptmedurgentcare.net\/#\/schema\/logo\/image\/\",\"url\":\"https:\/\/www.promptmedurgentcare.net\/wp-content\/uploads\/2023\/07\/promptmed-logo.svg\",\"contentUrl\":\"https:\/\/www.promptmedurgentcare.net\/wp-content\/uploads\/2023\/07\/promptmed-logo.svg\",\"caption\":\"PromptMed Urgent Care\"},\"image\":{\"@id\":\"https:\/\/promptmedurgentcare.net\/#\/schema\/logo\/image\/\"}}]}<\/script>\n<!-- \/ Yoast SEO plugin. -->","yoast_head_json":{"title":"Ex\u00e1menes f\u00edsicos escolares\/deportivos - PromptMed Urgent Care","description":"\u00a1Ex\u00e1menes f\u00edsicos escolares, deportivos y de campamento por $49! Ahorre tiempo y realice el examen f\u00edsico de su hijo en PromptMed Urgent Care.","robots":{"index":"index","follow":"follow","max-snippet":"max-snippet:-1","max-image-preview":"max-image-preview:large","max-video-preview":"max-video-preview:-1"},"canonical":"https:\/\/www.promptmedurgentcare.net\/es\/school-sport-physicals\/","og_locale":"es_ES","og_type":"article","og_title":"Ex\u00e1menes f\u00edsicos escolares\/deportivos - PromptMed Urgent Care","og_description":"\u00a1Ex\u00e1menes f\u00edsicos escolares, deportivos y de campamento por $49! Ahorre tiempo y realice el examen f\u00edsico de su hijo en PromptMed Urgent Care.","og_url":"https:\/\/www.promptmedurgentcare.net\/es\/school-sport-physicals\/","og_site_name":"PromptMed Urgent Care","article_modified_time":"2025-05-19T21:22:19+00:00","og_image":[{"url":"https:\/\/www.promptmedurgentcare.net\/wp-content\/uploads\/2025\/04\/OPT_SchoolSportPhysicals.jpg","type":"","width":"","height":""}],"twitter_card":"summary_large_image","twitter_misc":{"Tiempo de lectura":"4 minutos"},"schema":{"@context":"https:\/\/schema.org","@graph":[{"@type":"WebPage","@id":"https:\/\/www.promptmedurgentcare.net\/es\/school-sport-physicals\/","url":"https:\/\/www.promptmedurgentcare.net\/es\/school-sport-physicals\/","name":"Ex\u00e1menes f\u00edsicos escolares\/deportivos - PromptMed Urgent Care","isPartOf":{"@id":"https:\/\/promptmedurgentcare.net\/#website"},"primaryImageOfPage":{"@id":"https:\/\/www.promptmedurgentcare.net\/es\/school-sport-physicals\/#primaryimage"},"image":{"@id":"https:\/\/www.promptmedurgentcare.net\/es\/school-sport-physicals\/#primaryimage"},"thumbnailUrl":"https:\/\/www.promptmedurgentcare.net\/wp-content\/uploads\/2025\/04\/OPT_SchoolSportPhysicals.jpg","datePublished":"2023-09-15T15:48:09+00:00","dateModified":"2025-05-19T21:22:19+00:00","description":"\u00a1Ex\u00e1menes f\u00edsicos escolares, deportivos y de campamento por $49! Ahorre tiempo y realice el examen f\u00edsico de su hijo en PromptMed Urgent Care.","breadcrumb":{"@id":"https:\/\/www.promptmedurgentcare.net\/es\/school-sport-physicals\/#breadcrumb"},"inLanguage":"es","potentialAction":[{"@type":"ReadAction","target":["https:\/\/www.promptmedurgentcare.net\/es\/school-sport-physicals\/"]}]},{"@type":"ImageObject","inLanguage":"es","@id":"https:\/\/www.promptmedurgentcare.net\/es\/school-sport-physicals\/#primaryimage","url":"https:\/\/www.promptmedurgentcare.net\/wp-content\/uploads\/2025\/04\/OPT_SchoolSportPhysicals.jpg","contentUrl":"https:\/\/www.promptmedurgentcare.net\/wp-content\/uploads\/2025\/04\/OPT_SchoolSportPhysicals.jpg"},{"@type":"BreadcrumbList","@id":"https:\/\/www.promptmedurgentcare.net\/es\/school-sport-physicals\/#breadcrumb","itemListElement":[{"@type":"ListItem","position":1,"name":"Home","item":"https:\/\/www.promptmedurgentcare.net\/es\/"},{"@type":"ListItem","position":2,"name":"Ex\u00e1menes f\u00edsicos escolares\/deportivos"}]},{"@type":"WebSite","@id":"https:\/\/promptmedurgentcare.net\/#website","url":"https:\/\/promptmedurgentcare.net\/","name":"PromptMed Urgent Care","description":"Neighborhood Walk-In Medical Clinics","publisher":{"@id":"https:\/\/promptmedurgentcare.net\/#organization"},"potentialAction":[{"@type":"SearchAction","target":{"@type":"EntryPoint","urlTemplate":"https:\/\/promptmedurgentcare.net\/?s={search_term_string}"},"query-input":{"@type":"PropertyValueSpecification","valueRequired":true,"valueName":"search_term_string"}}],"inLanguage":"es"},{"@type":"Organization","@id":"https:\/\/promptmedurgentcare.net\/#organization","name":"PromptMed Urgent Care","url":"https:\/\/promptmedurgentcare.net\/","logo":{"@type":"ImageObject","inLanguage":"es","@id":"https:\/\/promptmedurgentcare.net\/#\/schema\/logo\/image\/","url":"https:\/\/www.promptmedurgentcare.net\/wp-content\/uploads\/2023\/07\/promptmed-logo.svg","contentUrl":"https:\/\/www.promptmedurgentcare.net\/wp-content\/uploads\/2023\/07\/promptmed-logo.svg","caption":"PromptMed Urgent Care"},"image":{"@id":"https:\/\/promptmedurgentcare.net\/#\/schema\/logo\/image\/"}}]}},"_links":{"self":[{"href":"https:\/\/www.promptmedurgentcare.net\/es\/wp-json\/wp\/v2\/pages\/3195","targetHints":{"allow":["GET"]}}],"collection":[{"href":"https:\/\/www.promptmedurgentcare.net\/es\/wp-json\/wp\/v2\/pages"}],"about":[{"href":"https:\/\/www.promptmedurgentcare.net\/es\/wp-json\/wp\/v2\/types\/page"}],"author":[{"embeddable":true,"href":"https:\/\/www.promptmedurgentcare.net\/es\/wp-json\/wp\/v2\/users\/2"}],"replies":[{"embeddable":true,"href":"https:\/\/www.promptmedurgentcare.net\/es\/wp-json\/wp\/v2\/comments?post=3195"}],"version-history":[{"count":10,"href":"https:\/\/www.promptmedurgentcare.net\/es\/wp-json\/wp\/v2\/pages\/3195\/revisions"}],"predecessor-version":[{"id":7482,"href":"https:\/\/www.promptmedurgentcare.net\/es\/wp-json\/wp\/v2\/pages\/3195\/revisions\/7482"}],"wp:attachment":[{"href":"https:\/\/www.promptmedurgentcare.net\/es\/wp-json\/wp\/v2\/media?parent=3195"}],"curies":[{"name":"wp","href":"https:\/\/api.w.org\/{rel}","templated":true}]}}