{"id":3185,"date":"2023-07-19T23:20:50","date_gmt":"2023-07-19T23:20:50","guid":{"rendered":"https:\/\/www.promptmedurgentcare.net\/nuestros-precios\/"},"modified":"2024-11-12T22:30:36","modified_gmt":"2024-11-12T22:30:36","slug":"our-prices","status":"publish","type":"page","link":"https:\/\/www.promptmedurgentcare.net\/es\/our-prices\/","title":{"rendered":"Nuestros precios"},"content":{"rendered":"\t\t<div data-elementor-type=\"wp-page\" data-elementor-id=\"3185\" class=\"elementor elementor-3185 elementor-113\" data-elementor-post-type=\"page\">\n\t\t\t\t\t\t<section class=\"elementor-section elementor-top-section elementor-element elementor-element-6e1a9b4 elementor-section-full_width elementor-section-height-default elementor-section-height-default\" data-id=\"6e1a9b4\" data-element_type=\"section\" data-e-type=\"section\">\n\t\t\t\t\t\t<div class=\"elementor-container elementor-column-gap-no\">\n\t\t\t\t\t<section class=\"elementor-column elementor-col-100 elementor-top-column elementor-element elementor-element-f427c90\" data-id=\"f427c90\" data-element_type=\"column\" data-e-type=\"column\">\n\t\t\t<div class=\"elementor-widget-wrap elementor-element-populated\">\n\t\t\t\t\t\t<div class=\"elementor-element elementor-element-e0bffe5 elementor-widget elementor-widget-ucaddon_pricing_packages\" data-id=\"e0bffe5\" data-element_type=\"widget\" data-e-type=\"widget\" data-widget_type=\"ucaddon_pricing_packages.default\">\n\t\t\t\t<div class=\"elementor-widget-container\">\n\t\t\t\t\t\n<!-- start Pricing Packages -->\n<style>\/* widget: Pricing Packages *\/\n\n.block-pricing-packages {\n  overflow: hidden;\n}\n\n.block-pricing-packages .block-gradient-background {\n \twidth: 100%;\n    height: 100%;\n  \tdisplay: none;\n  \tposition: absolute;\n  \ttop: 0;\n  \tleft: 0;\n}\n.block-pricing-packages .block-row {\n    max-width: 1200px;\n}\n.block-pricing-packages .block-row:nth-child(2) .block-heading {\n  padding: 0 20px;\n    margin-bottom: 45px;\n    color: var(--e-global-color-primary);\n}\n.block-pricing-packages .block-heading sup {\n \tfont-size: 0.75rem;\n  \ttop: -10px;\n  \tfont-weight: bold;\n}\n\n.block-pricing-packages .block-body {\n    margin-bottom: 25px;\n}\n.block-pricing-packages .block-row-packages {\n  \twidth: 100%;\n  \tmargin: 0 auto;\n}\n.block-pricing-packages .block-row-packages .block-column {\n \tflex: 0 0 33.3333%;\n    padding: 0 20px; \n  \theight: 100%;\n}\n\n.block-pricing-packages .block-row-packages.item-count-2 .block-column {\n  flex: 0 0 50%;\n  max-width: 600px;\n}\n\n.block-pricing-packages .block-row-packages.item-count-1 .block-column {\n  flex: 0 0 100%;\n  max-width: 750px;\n}\n\n.block-pricing-packages .block-row-packages.item-count-3 .block-row {\n  flex-direction: column;\n}\n\n.block-pricing-packages .block-row-packages.item-count-3 .block-row > div:not(:last-child) {\n  margin-bottom: 25px;\n}\n\n.block-pricing-packages .block-row-packages.item-count-1 .block-row,\n.block-pricing-packages .block-row-packages.item-count-2 .block-row {\n\tjustify-content: space-between;\n  \tflex-wrap: wrap;\n}\n\n.block-pricing-packages .block-row-packages.item-count-1 .block-row div,\n.block-pricing-packages .block-row-packages.item-count-2 .block-row div {\n\tflex: 0 0 47%;\n}\n\n.block-pricing-packages .block-row-packages.item-count-1 .block-row .block-legal,\n.block-pricing-packages .block-row-packages.item-count-2 .block-row .block-legal {\n\tflex: 0 0 100%;\n}\n\n\n.block-pricing-packages .block-package {\n  padding: 50px 50px 45px;\n  background-color: #FFFFFF;\n  border-radius: 0 60px 0 0;\n  width: 100%;\n  height: 100%;\n}\n.block-pricing-packages .block-package .block-heading {\n    margin-bottom: 0;\n    font-size: 1.125rem;\n}\n.block-pricing-packages .block-package .block-price {\n  font-size: 2.5rem;\n  margin-bottom: 30px;\n  line-height: 1;\n}\n\n.block-pricing-packages .block-package .block-subheading {\n text-transform: uppercase;\n  margin-bottom: 15px;\n}\n.block-pricing-packages .block-package .block-body p {\n line-height: 1.55;\n  margin-bottom: 0;\n}\n.block-pricing-packages .block-package .block-body:last-child {\n margin-bottom: 0; \n}\n.block-pricing-packages .block-package .block-legal {\n  margin-top: auto;\n  transform: translateY(20px);\n}\n.block-pricing-packages .block-package .block-legal p {\n  margin-bottom: 0;\n}\n\n\n@media (min-width: 1220px) {\n  .block-pricing-packages.block-padding {\n    padding-left: 120px;\n    padding-right: 120px;\n  }\n  .block-pricing-packages .block-row-packages {\n   \tjustify-content: space-between; \n  }\n  .block-pricing-packages .block-row-packages .block-column {\n   \tmax-width: 390px;\n  }\n}\n@media (max-width: 1220px) and (min-width: 1024px) {\n  .block-pricing-packages .block-package {\n   \tpadding: 40px; \n  }\n .block-pricing-packages .block-row:nth-child(2) .block-heading,\n .block-pricing-packages .block-row-packages .block-column {\n   padding: 0 15px; \n }\n \n  .block-pricing-packages.block-padding {\n    padding-left: 125px;\n    padding-right: 125px;\n  }\n}\n@media (max-width: 1100px) {\n  .block-pricing-packages .block-row-packages {\n   \tjustify-content: center;\n    flex-wrap: wrap;\n    height: 100%;\n  }\n  .block-pricing-packages .block-row-packages .block-column {\n   flex: 0 0 50%;\n    height: auto;\n  }\n  .block-pricing-packages .block-row-packages.item-count-3 .block-column:not(:last-child) {\n   \tpadding-bottom: 34px; \n  }\n  \n  .block-pricing-packages .block-row-packages.item-count-1 .block-row,\n  .block-pricing-packages .block-row-packages.item-count-2 .block-row {\n      flex-direction: column;\n  }\n  \n  .block-pricing-packages .block-row-packages.item-count-1 .block-row > div:not(:last-child), \n  .block-pricing-packages .block-row-packages.item-count-2 .block-row > div:not(:last-child) {\n    margin-bottom: 25px;    \n  }\n  \n}\n@media (max-width: 1024px) {\n  .block-pricing-packages.block-padding {\n    padding-left: 14px;\n    padding-right: 14px;\n  }\n  .block-pricing-packages .block-gradient-background {\n    display: inline; \n  }\n  .block-pricing-packages .block-row-packages {\n   \tjustify-content: center;\n    flex-wrap: wrap;\n    height: 100%;\n  }\n  .block-pricing-packages .block-row-packages .block-column {\n   flex: 0 0 50%;\n    height: auto;\n  }\n  .block-pricing-packages .block-row-packages.item-count-3 .block-column:not(:last-child) {\n   \tpadding-bottom: 34px; \n  }\n  .block-pricing-packages .block-package .block-heading {\n    font-size: 1rem;\n  }\n  .block-pricing-packages .block-package .block-price {\n    font-size: 2.25rem;\n  }\n  .block-pricing-packages .block-package .block-subheading {\n    font-size: 0.875rem;\n  }\n}\n\n@media (max-width: 768px) {\n\n  .block-pricing-packages .block-row-packages .block-column {\n     flex: 0 0 100%;\n     max-width: 100%;\n  }\n  .block-pricing-packages .block-row-packages.item-count-2 .block-column {\n     flex: 0 0 100%;\n     max-width: 100%;\n  }\n  .block-pricing-packages .block-row-packages.item-count-2 .block-column:not(:last-child) {\n    padding-bottom: 34px;\n  }\n}\n\n<\/style>\n\n<div class=\"block block-pricing-packages block-padding\" style=\"background: #C7C8D6; background: -moz-linear-gradient(90deg, #C7C8D6 6%, #C7C8D6 100%); background: -webkit-linear-gradient(90deg, #C7C8D6 6%, #C7C8D6 100%); background: linear-gradient(90deg, #C7C8D6 0%, #C7C8D6 100%); filter: progid:DXImageTransform.Microsoft.gradient(startColorstr='#C7C8D6',endColorstr='#C7C8D6',GradientType=1);\">\n    <div class=\"block-gradient-background\" style=\"background: #C7C8D6; background: -moz-linear-gradient(160deg, #C7C8D6 6%, #C7C8D6 100%); background: -webkit-linear-gradient(160deg, #C7C8D6 6%, #C7C8D6 100%); background: linear-gradient(160deg, #C7C8D6 6%, #C7C8D6 100%); filter: progid:DXImageTransform.Microsoft.gradient(startColorstr='#C7C8D6',endColorstr='#C7C8D6',GradientType=1);\"><\/div>\n    <div class=\"block-row\">\n        <div class=\"block-column\">\n                        <h2 class=\"block-heading heading-medium-xl\">Nuestros precios<\/h2>\n                                <\/div>\n    <\/div>\n    <div class=\"block-row block-row-packages item-count-2\"><div class=\"block-column\">\n  <div class=\"block-package\">\n        <h2 class=\"block-heading heading-rounded-xs\">Nuestros precios de pago por cuenta propia<\/h2>\n            <div class=\"block-price body-xl color-secondary\">$125<\/div>\n        <div class=\"block-row\">\n      <div class=\"block-features\">\n                <div class=\"block-subheading heading-rounded-xs\">Visita a la oficina<\/div>\n                        <div class=\"block-body body-md\"><p>Entendemos que muchos de nuestros pacientes no tienen seguro m\u00e9dico o prefieren pagar de su bolsillo.<\/p>\n<\/div>\n              <\/div>\n      <div class=\"block-example\">\n                        <div class=\"block-body body-md\"><p><strong>Pida informaci\u00f3n a nuestras recepcionistas.<\/strong><\/p>\n<\/div>\n      \t      <\/div>\n            <div class=\"block-legal body-sm\"><p><strong>*El pago total debe efectuarse en el momento del servicio. Cualquier prueba, laboratorio, procedimiento o radiograf\u00eda adicional se cobra por separado y no est\u00e1 incluida en su visita al consultorio.<\/strong><\/p>\n<\/div>\n           <\/div>\n  <\/div>\n<\/div>\n<div class=\"block-column\">\n  <div class=\"block-package\">\n        <h3 class=\"block-heading heading-rounded-xs\">No covros de instalaci\u00f3n<\/h3>\n            <div class=\"block-price body-xl color-secondary\">$0<\/div>\n        <div class=\"block-row\">\n      <div class=\"block-features\">\n                        <div class=\"block-body body-md\"><p>Como proveedor de atenci\u00f3n m\u00e9dica independiente, no cobramos a nuestros pacientes una tarifa de instalaci\u00f3n, a diferencia de los cuidados de urgencia afiliados a hospitales. Tenga la confianza de que en su tratamiento con nosotros, su dinero ir\u00e1 directamente a su atenci\u00f3n.<\/p><\/div>\n              <\/div>\n      <div class=\"block-example\">\n                        <div class=\"block-body body-md\"><\/p>\n<p><strong>Esta es nuestra dedicaci\u00f3n a la asistencia sanitaria asequible.<\/strong><\/p>\n<\/div>\n      \t      <\/div>\n           <\/div>\n  <\/div>\n<\/div>\n<\/div>\n<\/div>\n<!-- end Pricing Packages -->\t\t\t\t<\/div>\n\t\t\t\t<\/div>\n\t\t\t\t\t<\/div>\n\t\t<\/section>\n\t\t\t\t\t<\/div>\n\t\t<\/section>\n\t\t\t\t<\/div>\n\t\t","protected":false},"excerpt":{"rendered":"<p>Nuestros precios Nuestros precios de pago por cuenta propia $125 Visita a la oficina Entendemos que muchos de nuestros pacientes no tienen seguro m\u00e9dico o prefieren pagar de su bolsillo. Pida informaci\u00f3n a nuestras recepcionistas. *El pago total debe efectuarse en el momento del servicio. Cualquier prueba, laboratorio, procedimiento o radiograf\u00eda adicional se cobra por [&hellip;]<\/p>\n","protected":false},"author":1,"featured_media":0,"parent":0,"menu_order":0,"comment_status":"closed","ping_status":"closed","template":"","meta":{"_acf_changed":false,"footnotes":""},"class_list":["post-3185","page","type-page","status-publish","hentry"],"acf":[],"yoast_head":"<!-- This site is optimized with the Yoast SEO plugin v27.0 - https:\/\/yoast.com\/product\/yoast-seo-wordpress\/ -->\n<title>Nuestros precios - PromptMed Urgent Care<\/title>\n<meta name=\"description\" content=\"Obtenga m\u00e1s informaci\u00f3n sobre nuestros precios competitivos. Descubra precios transparentes para los servicios m\u00e9dicos en PromptMed Urgent Care. $125 Visitas al consultorio.\" \/>\n<meta name=\"robots\" content=\"index, follow, max-snippet:-1, max-image-preview:large, max-video-preview:-1\" \/>\n<link rel=\"canonical\" href=\"https:\/\/www.promptmedurgentcare.net\/es\/our-prices\/\" \/>\n<meta property=\"og:locale\" content=\"es_ES\" \/>\n<meta property=\"og:type\" content=\"article\" \/>\n<meta property=\"og:title\" content=\"Nuestros precios - PromptMed Urgent Care\" \/>\n<meta property=\"og:description\" content=\"Obtenga m\u00e1s informaci\u00f3n sobre nuestros precios competitivos. Descubra precios transparentes para los servicios m\u00e9dicos en PromptMed Urgent Care. $125 Visitas al consultorio.\" \/>\n<meta property=\"og:url\" content=\"https:\/\/www.promptmedurgentcare.net\/es\/our-prices\/\" \/>\n<meta property=\"og:site_name\" content=\"PromptMed Urgent Care\" \/>\n<meta property=\"article:modified_time\" content=\"2024-11-12T22:30:36+00:00\" \/>\n<meta name=\"twitter:card\" content=\"summary_large_image\" \/>\n<meta name=\"twitter:label1\" content=\"Tiempo de lectura\" \/>\n\t<meta name=\"twitter:data1\" content=\"1 minuto\" \/>\n<script type=\"application\/ld+json\" class=\"yoast-schema-graph\">{\"@context\":\"https:\/\/schema.org\",\"@graph\":[{\"@type\":\"WebPage\",\"@id\":\"https:\/\/www.promptmedurgentcare.net\/es\/our-prices\/\",\"url\":\"https:\/\/www.promptmedurgentcare.net\/es\/our-prices\/\",\"name\":\"Nuestros precios - PromptMed Urgent Care\",\"isPartOf\":{\"@id\":\"https:\/\/promptmedurgentcare.net\/#website\"},\"datePublished\":\"2023-07-19T23:20:50+00:00\",\"dateModified\":\"2024-11-12T22:30:36+00:00\",\"description\":\"Obtenga m\u00e1s informaci\u00f3n sobre nuestros precios competitivos. Descubra precios transparentes para los servicios m\u00e9dicos en PromptMed Urgent Care. $125 Visitas al consultorio.\",\"breadcrumb\":{\"@id\":\"https:\/\/www.promptmedurgentcare.net\/es\/our-prices\/#breadcrumb\"},\"inLanguage\":\"es\",\"potentialAction\":[{\"@type\":\"ReadAction\",\"target\":[\"https:\/\/www.promptmedurgentcare.net\/es\/our-prices\/\"]}]},{\"@type\":\"BreadcrumbList\",\"@id\":\"https:\/\/www.promptmedurgentcare.net\/es\/our-prices\/#breadcrumb\",\"itemListElement\":[{\"@type\":\"ListItem\",\"position\":1,\"name\":\"Home\",\"item\":\"https:\/\/www.promptmedurgentcare.net\/es\/\"},{\"@type\":\"ListItem\",\"position\":2,\"name\":\"Nuestros precios\"}]},{\"@type\":\"WebSite\",\"@id\":\"https:\/\/promptmedurgentcare.net\/#website\",\"url\":\"https:\/\/promptmedurgentcare.net\/\",\"name\":\"PromptMed Urgent Care\",\"description\":\"Neighborhood Walk-In Medical Clinics\",\"publisher\":{\"@id\":\"https:\/\/promptmedurgentcare.net\/#organization\"},\"potentialAction\":[{\"@type\":\"SearchAction\",\"target\":{\"@type\":\"EntryPoint\",\"urlTemplate\":\"https:\/\/promptmedurgentcare.net\/?s={search_term_string}\"},\"query-input\":{\"@type\":\"PropertyValueSpecification\",\"valueRequired\":true,\"valueName\":\"search_term_string\"}}],\"inLanguage\":\"es\"},{\"@type\":\"Organization\",\"@id\":\"https:\/\/promptmedurgentcare.net\/#organization\",\"name\":\"PromptMed Urgent Care\",\"url\":\"https:\/\/promptmedurgentcare.net\/\",\"logo\":{\"@type\":\"ImageObject\",\"inLanguage\":\"es\",\"@id\":\"https:\/\/promptmedurgentcare.net\/#\/schema\/logo\/image\/\",\"url\":\"https:\/\/www.promptmedurgentcare.net\/wp-content\/uploads\/2023\/07\/promptmed-logo.svg\",\"contentUrl\":\"https:\/\/www.promptmedurgentcare.net\/wp-content\/uploads\/2023\/07\/promptmed-logo.svg\",\"caption\":\"PromptMed Urgent Care\"},\"image\":{\"@id\":\"https:\/\/promptmedurgentcare.net\/#\/schema\/logo\/image\/\"}}]}<\/script>\n<!-- \/ Yoast SEO plugin. -->","yoast_head_json":{"title":"Nuestros precios - PromptMed Urgent Care","description":"Obtenga m\u00e1s informaci\u00f3n sobre nuestros precios competitivos. Descubra precios transparentes para los servicios m\u00e9dicos en PromptMed Urgent Care. $125 Visitas al consultorio.","robots":{"index":"index","follow":"follow","max-snippet":"max-snippet:-1","max-image-preview":"max-image-preview:large","max-video-preview":"max-video-preview:-1"},"canonical":"https:\/\/www.promptmedurgentcare.net\/es\/our-prices\/","og_locale":"es_ES","og_type":"article","og_title":"Nuestros precios - PromptMed Urgent Care","og_description":"Obtenga m\u00e1s informaci\u00f3n sobre nuestros precios competitivos. Descubra precios transparentes para los servicios m\u00e9dicos en PromptMed Urgent Care. $125 Visitas al consultorio.","og_url":"https:\/\/www.promptmedurgentcare.net\/es\/our-prices\/","og_site_name":"PromptMed Urgent Care","article_modified_time":"2024-11-12T22:30:36+00:00","twitter_card":"summary_large_image","twitter_misc":{"Tiempo de lectura":"1 minuto"},"schema":{"@context":"https:\/\/schema.org","@graph":[{"@type":"WebPage","@id":"https:\/\/www.promptmedurgentcare.net\/es\/our-prices\/","url":"https:\/\/www.promptmedurgentcare.net\/es\/our-prices\/","name":"Nuestros precios - PromptMed Urgent Care","isPartOf":{"@id":"https:\/\/promptmedurgentcare.net\/#website"},"datePublished":"2023-07-19T23:20:50+00:00","dateModified":"2024-11-12T22:30:36+00:00","description":"Obtenga m\u00e1s informaci\u00f3n sobre nuestros precios competitivos. Descubra precios transparentes para los servicios m\u00e9dicos en PromptMed Urgent Care. $125 Visitas al consultorio.","breadcrumb":{"@id":"https:\/\/www.promptmedurgentcare.net\/es\/our-prices\/#breadcrumb"},"inLanguage":"es","potentialAction":[{"@type":"ReadAction","target":["https:\/\/www.promptmedurgentcare.net\/es\/our-prices\/"]}]},{"@type":"BreadcrumbList","@id":"https:\/\/www.promptmedurgentcare.net\/es\/our-prices\/#breadcrumb","itemListElement":[{"@type":"ListItem","position":1,"name":"Home","item":"https:\/\/www.promptmedurgentcare.net\/es\/"},{"@type":"ListItem","position":2,"name":"Nuestros precios"}]},{"@type":"WebSite","@id":"https:\/\/promptmedurgentcare.net\/#website","url":"https:\/\/promptmedurgentcare.net\/","name":"PromptMed Urgent Care","description":"Neighborhood Walk-In Medical Clinics","publisher":{"@id":"https:\/\/promptmedurgentcare.net\/#organization"},"potentialAction":[{"@type":"SearchAction","target":{"@type":"EntryPoint","urlTemplate":"https:\/\/promptmedurgentcare.net\/?s={search_term_string}"},"query-input":{"@type":"PropertyValueSpecification","valueRequired":true,"valueName":"search_term_string"}}],"inLanguage":"es"},{"@type":"Organization","@id":"https:\/\/promptmedurgentcare.net\/#organization","name":"PromptMed Urgent Care","url":"https:\/\/promptmedurgentcare.net\/","logo":{"@type":"ImageObject","inLanguage":"es","@id":"https:\/\/promptmedurgentcare.net\/#\/schema\/logo\/image\/","url":"https:\/\/www.promptmedurgentcare.net\/wp-content\/uploads\/2023\/07\/promptmed-logo.svg","contentUrl":"https:\/\/www.promptmedurgentcare.net\/wp-content\/uploads\/2023\/07\/promptmed-logo.svg","caption":"PromptMed Urgent Care"},"image":{"@id":"https:\/\/promptmedurgentcare.net\/#\/schema\/logo\/image\/"}}]}},"_links":{"self":[{"href":"https:\/\/www.promptmedurgentcare.net\/es\/wp-json\/wp\/v2\/pages\/3185","targetHints":{"allow":["GET"]}}],"collection":[{"href":"https:\/\/www.promptmedurgentcare.net\/es\/wp-json\/wp\/v2\/pages"}],"about":[{"href":"https:\/\/www.promptmedurgentcare.net\/es\/wp-json\/wp\/v2\/types\/page"}],"author":[{"embeddable":true,"href":"https:\/\/www.promptmedurgentcare.net\/es\/wp-json\/wp\/v2\/users\/1"}],"replies":[{"embeddable":true,"href":"https:\/\/www.promptmedurgentcare.net\/es\/wp-json\/wp\/v2\/comments?post=3185"}],"version-history":[{"count":10,"href":"https:\/\/www.promptmedurgentcare.net\/es\/wp-json\/wp\/v2\/pages\/3185\/revisions"}],"predecessor-version":[{"id":5690,"href":"https:\/\/www.promptmedurgentcare.net\/es\/wp-json\/wp\/v2\/pages\/3185\/revisions\/5690"}],"wp:attachment":[{"href":"https:\/\/www.promptmedurgentcare.net\/es\/wp-json\/wp\/v2\/media?parent=3185"}],"curies":[{"name":"wp","href":"https:\/\/api.w.org\/{rel}","templated":true}]}}