{"id":3181,"date":"2023-09-13T19:44:37","date_gmt":"2023-09-13T19:44:37","guid":{"rendered":"https:\/\/www.promptmedurgentcare.net\/factura\/"},"modified":"2025-10-29T20:56:31","modified_gmt":"2025-10-29T20:56:31","slug":"billpay","status":"publish","type":"page","link":"https:\/\/www.promptmedurgentcare.net\/es\/billpay\/","title":{"rendered":"Pagar mi factura"},"content":{"rendered":"\t\t<div data-elementor-type=\"wp-page\" data-elementor-id=\"3181\" class=\"elementor elementor-3181 elementor-1311\" data-elementor-post-type=\"page\">\n\t\t\t\t\t\t<section class=\"elementor-section elementor-top-section elementor-element elementor-element-a6357fb elementor-section-boxed elementor-section-height-default elementor-section-height-default\" data-id=\"a6357fb\" data-element_type=\"section\" data-e-type=\"section\">\n\t\t\t\t\t\t<div class=\"elementor-container elementor-column-gap-default\">\n\t\t\t\t\t<div class=\"elementor-column elementor-col-100 elementor-top-column elementor-element elementor-element-c3a7418\" data-id=\"c3a7418\" data-element_type=\"column\" data-e-type=\"column\">\n\t\t\t<div class=\"elementor-widget-wrap elementor-element-populated\">\n\t\t\t\t\t\t<div class=\"elementor-element elementor-element-d678a70 elementor-widget elementor-widget-spacer\" data-id=\"d678a70\" data-element_type=\"widget\" data-e-type=\"widget\" data-widget_type=\"spacer.default\">\n\t\t\t\t<div class=\"elementor-widget-container\">\n\t\t\t\t\t\t\t<div class=\"elementor-spacer\">\n\t\t\t<div class=\"elementor-spacer-inner\"><\/div>\n\t\t<\/div>\n\t\t\t\t\t\t<\/div>\n\t\t\t\t<\/div>\n\t\t\t\t\t<\/div>\n\t\t<\/div>\n\t\t\t\t\t<\/div>\n\t\t<\/section>\n\t\t\t\t<section class=\"elementor-section elementor-top-section elementor-element elementor-element-c114795 elementor-section-boxed elementor-section-height-default elementor-section-height-default\" data-id=\"c114795\" data-element_type=\"section\" data-e-type=\"section\">\n\t\t\t\t\t\t<div class=\"elementor-container elementor-column-gap-default\">\n\t\t\t\t\t<div class=\"elementor-column elementor-col-100 elementor-top-column elementor-element elementor-element-28b36fd\" data-id=\"28b36fd\" data-element_type=\"column\" data-e-type=\"column\">\n\t\t\t<div class=\"elementor-widget-wrap elementor-element-populated\">\n\t\t\t\t\t\t<div class=\"elementor-element elementor-element-2e39a6a elementor-widget elementor-widget-ucaddon_one_column_copy\" data-id=\"2e39a6a\" data-element_type=\"widget\" data-e-type=\"widget\" data-widget_type=\"ucaddon_one_column_copy.default\">\n\t\t\t\t<div class=\"elementor-widget-container\">\n\t\t\t\t\t\n<!-- start One Column Copy -->\n<style>\/* widget: One Column Copy *\/\n\n.block-one-column-copy {\n  overflow: hidden;\n}\n.block-one-column-copy .block-row {\n    max-width: 1160px;\n}\n.block-one-column-copy .block-heading {\n    margin-bottom: 25px;\n}\n\n.block-one-column-copy .block-body {\n    margin-bottom: 25px;\n}\n.block-one-column-copy.block-hero .block-body {\n    max-width: 560px;\n}\n\n.block-one-column-copy .block-button-row {\n  display: flex;\n  align-items: flex-start;\n}\n.block-one-column-copy .block-button-prefix {\n  padding-top: 2px;\n  text-transform: uppercase;\n  color: #3c0f3f;\n}\n.block-one-column-copy .block-spacer {\n width: 6px;\n  height: 20px;\n    display: inline-block;\n  position: relative;\n}\n.block-one-column-copy .button-text {\n font-size: 1rem; \n}\n\n@media (max-width: 768px) {\n  .block-one-column-copy.block-hero .block-body {\n      max-width: 100%;\n  }\n}\n\n<\/style>\n\n<div class=\"block block-one-column-copy block-padding\">\n    <div class=\"block-row\">\n        <div class=\"block-column\">\n                        <h2 class=\"block-heading heading-medium-xl\">Pagar my factura<\/h2>\n                                    <div class=\"block-body body-md\"><p>Para nosotros es importante que el proceso de pago de nuestros pacientes sea r\u00e1pido y sencillo. Lea a continuaci\u00f3n para encontrar la opci\u00f3n de pago que mejor se adapte a sus necesidades. Tambi\u00e9n puede pagar en persona en cualquier cl\u00ednica de atenci\u00f3n de urgencias PromptMed.<\/p><\/div>\n                        <div class=\"block-button-row\">\n                            <\/div>\n        <\/div>\n    <\/div>\n<\/div>\n<!-- end One Column Copy -->\t\t\t\t<\/div>\n\t\t\t\t<\/div>\n\t\t\t\t<div class=\"elementor-element elementor-element-e4feb83 elementor-align-left elementor-widget elementor-widget-button\" data-id=\"e4feb83\" data-element_type=\"widget\" data-e-type=\"widget\" data-widget_type=\"button.default\">\n\t\t\t\t<div class=\"elementor-widget-container\">\n\t\t\t\t\t\t\t\t\t<div class=\"elementor-button-wrapper\">\n\t\t\t\t\t<a class=\"elementor-button elementor-button-link elementor-size-sm\" href=\"https:\/\/promptmedurgentcare.webpay.md\/\" target=\"_blank\" rel=\"nofollow\" id=\"paynow\">\n\t\t\t\t\t\t<span class=\"elementor-button-content-wrapper\">\n\t\t\t\t\t\t\t\t\t<span class=\"elementor-button-text\">Pagar ahora<\/span>\n\t\t\t\t\t<\/span>\n\t\t\t\t\t<\/a>\n\t\t\t\t<\/div>\n\t\t\t\t\t\t\t\t<\/div>\n\t\t\t\t<\/div>\n\t\t\t\t\t<\/div>\n\t\t<\/div>\n\t\t\t\t\t<\/div>\n\t\t<\/section>\n\t\t\t\t<section class=\"elementor-section elementor-top-section elementor-element elementor-element-5204f05 elementor-section-boxed elementor-section-height-default elementor-section-height-default\" data-id=\"5204f05\" data-element_type=\"section\" data-e-type=\"section\">\n\t\t\t\t\t\t<div class=\"elementor-container elementor-column-gap-default\">\n\t\t\t\t\t<div class=\"elementor-column elementor-col-50 elementor-top-column elementor-element elementor-element-86b255f\" data-id=\"86b255f\" data-element_type=\"column\" data-e-type=\"column\">\n\t\t\t<div class=\"elementor-widget-wrap elementor-element-populated\">\n\t\t\t\t\t\t<div class=\"elementor-element elementor-element-ec4703f elementor-widget elementor-widget-ucaddon_one_column_copy\" data-id=\"ec4703f\" data-element_type=\"widget\" data-e-type=\"widget\" data-widget_type=\"ucaddon_one_column_copy.default\">\n\t\t\t\t<div class=\"elementor-widget-container\">\n\t\t\t\t\t\n<!-- start One Column Copy -->\n<style>\/* widget: One Column Copy *\/\n\n.block-one-column-copy {\n  overflow: hidden;\n}\n.block-one-column-copy .block-row {\n    max-width: 1160px;\n}\n.block-one-column-copy .block-heading {\n    margin-bottom: 25px;\n}\n\n.block-one-column-copy .block-body {\n    margin-bottom: 25px;\n}\n.block-one-column-copy.block-hero .block-body {\n    max-width: 560px;\n}\n\n.block-one-column-copy .block-button-row {\n  display: flex;\n  align-items: flex-start;\n}\n.block-one-column-copy .block-button-prefix {\n  padding-top: 2px;\n  text-transform: uppercase;\n  color: #3c0f3f;\n}\n.block-one-column-copy .block-spacer {\n width: 6px;\n  height: 20px;\n    display: inline-block;\n  position: relative;\n}\n.block-one-column-copy .button-text {\n font-size: 1rem; \n}\n\n@media (max-width: 768px) {\n  .block-one-column-copy.block-hero .block-body {\n      max-width: 100%;\n  }\n}\n\n<\/style>\n\n<div class=\"block block-one-column-copy block-padding\">\n    <div class=\"block-row\">\n        <div class=\"block-column\">\n                        <h3 class=\"block-heading heading-medium-xl\">Pagar con tarjeta de cr\u00e9dito o d\u00e9bito<\/h3>\n                                    <div class=\"block-body body-md\"><p>Informaci\u00f3n requerida del paciente<\/p><ul><li>Nombre y apellidos<\/li><li>Fecha de nacimiento<\/li><li>Correo electr\u00f3nico<\/li><li>N\u00famero de cuenta (referencia a continuaci\u00f3n)<\/li><\/ul><\/div>\n                        <div class=\"block-button-row\">\n                            <\/div>\n        <\/div>\n    <\/div>\n<\/div>\n<!-- end One Column Copy -->\t\t\t\t<\/div>\n\t\t\t\t<\/div>\n\t\t\t\t<div class=\"elementor-element elementor-element-a4dd07e elementor-widget elementor-widget-image\" data-id=\"a4dd07e\" data-element_type=\"widget\" data-e-type=\"widget\" data-widget_type=\"image.default\">\n\t\t\t\t<div class=\"elementor-widget-container\">\n\t\t\t\t\t\t\t\t\t\t\t\t\t\t\t<img fetchpriority=\"high\" decoding=\"async\" width=\"800\" height=\"313\" src=\"https:\/\/www.promptmedurgentcare.net\/wp-content\/uploads\/2025\/04\/OPT_PayMyBill-1-1024x400.jpg\" class=\"attachment-large size-large wp-image-7214\" alt=\"\" srcset=\"https:\/\/www.promptmedurgentcare.net\/wp-content\/uploads\/2025\/04\/OPT_PayMyBill-1-1024x400.jpg 1024w, https:\/\/www.promptmedurgentcare.net\/wp-content\/uploads\/2025\/04\/OPT_PayMyBill-1-300x117.jpg 300w, https:\/\/www.promptmedurgentcare.net\/wp-content\/uploads\/2025\/04\/OPT_PayMyBill-1-768x300.jpg 768w, https:\/\/www.promptmedurgentcare.net\/wp-content\/uploads\/2025\/04\/OPT_PayMyBill-1-1536x600.jpg 1536w, https:\/\/www.promptmedurgentcare.net\/wp-content\/uploads\/2025\/04\/OPT_PayMyBill-1-2048x800.jpg 2048w, https:\/\/www.promptmedurgentcare.net\/wp-content\/uploads\/2025\/04\/OPT_PayMyBill-1-445x174.jpg 445w\" sizes=\"(max-width: 800px) 100vw, 800px\" \/>\t\t\t\t\t\t\t\t\t\t\t\t\t\t\t<\/div>\n\t\t\t\t<\/div>\n\t\t\t\t\t<\/div>\n\t\t<\/div>\n\t\t\t\t<div class=\"elementor-column elementor-col-50 elementor-top-column elementor-element elementor-element-0fe995a\" data-id=\"0fe995a\" data-element_type=\"column\" data-e-type=\"column\">\n\t\t\t<div class=\"elementor-widget-wrap elementor-element-populated\">\n\t\t\t\t\t\t<div class=\"elementor-element elementor-element-85a082e elementor-widget elementor-widget-ucaddon_one_column_copy\" data-id=\"85a082e\" data-element_type=\"widget\" data-e-type=\"widget\" data-widget_type=\"ucaddon_one_column_copy.default\">\n\t\t\t\t<div class=\"elementor-widget-container\">\n\t\t\t\t\t\n<!-- start One Column Copy -->\n<style>\/* widget: One Column Copy *\/\n\n.block-one-column-copy {\n  overflow: hidden;\n}\n.block-one-column-copy .block-row {\n    max-width: 1160px;\n}\n.block-one-column-copy .block-heading {\n    margin-bottom: 25px;\n}\n\n.block-one-column-copy .block-body {\n    margin-bottom: 25px;\n}\n.block-one-column-copy.block-hero .block-body {\n    max-width: 560px;\n}\n\n.block-one-column-copy .block-button-row {\n  display: flex;\n  align-items: flex-start;\n}\n.block-one-column-copy .block-button-prefix {\n  padding-top: 2px;\n  text-transform: uppercase;\n  color: #3c0f3f;\n}\n.block-one-column-copy .block-spacer {\n width: 6px;\n  height: 20px;\n    display: inline-block;\n  position: relative;\n}\n.block-one-column-copy .button-text {\n font-size: 1rem; \n}\n\n@media (max-width: 768px) {\n  .block-one-column-copy.block-hero .block-body {\n      max-width: 100%;\n  }\n}\n\n<\/style>\n\n<div class=\"block block-one-column-copy block-padding\">\n    <div class=\"block-row\">\n        <div class=\"block-column\">\n                        <h4 class=\"block-heading heading-medium-xl\">Pagar con cheque<\/h4>\n                                    <div class=\"block-body body-md\"><p>Attn: Billing Department<br \/>1849 Green Bay Rd., Suite 171<br \/>Highland Park, IL 60035<\/p><\/div>\n                        <div class=\"block-button-row\">\n                            <\/div>\n        <\/div>\n    <\/div>\n<\/div>\n<!-- end One Column Copy -->\t\t\t\t<\/div>\n\t\t\t\t<\/div>\n\t\t\t\t<div class=\"elementor-element elementor-element-67391ee elementor-widget elementor-widget-ucaddon_one_column_copy\" data-id=\"67391ee\" data-element_type=\"widget\" data-e-type=\"widget\" data-widget_type=\"ucaddon_one_column_copy.default\">\n\t\t\t\t<div class=\"elementor-widget-container\">\n\t\t\t\t\t\n<!-- start One Column Copy -->\n<style>\/* widget: One Column Copy *\/\n\n.block-one-column-copy {\n  overflow: hidden;\n}\n.block-one-column-copy .block-row {\n    max-width: 1160px;\n}\n.block-one-column-copy .block-heading {\n    margin-bottom: 25px;\n}\n\n.block-one-column-copy .block-body {\n    margin-bottom: 25px;\n}\n.block-one-column-copy.block-hero .block-body {\n    max-width: 560px;\n}\n\n.block-one-column-copy .block-button-row {\n  display: flex;\n  align-items: flex-start;\n}\n.block-one-column-copy .block-button-prefix {\n  padding-top: 2px;\n  text-transform: uppercase;\n  color: #3c0f3f;\n}\n.block-one-column-copy .block-spacer {\n width: 6px;\n  height: 20px;\n    display: inline-block;\n  position: relative;\n}\n.block-one-column-copy .button-text {\n font-size: 1rem; \n}\n\n@media (max-width: 768px) {\n  .block-one-column-copy.block-hero .block-body {\n      max-width: 100%;\n  }\n}\n\n<\/style>\n\n<div class=\"block block-one-column-copy block-padding\">\n    <div class=\"block-row\">\n        <div class=\"block-column\">\n                        <h5 class=\"block-heading heading-medium-xl\">Departamento de Facturaci\u00f3n<\/h5>\n                                    <div class=\"block-body body-md\"><p>Tel\u00e9fono: +1(866) 839-3600<br \/>Fax: +1(855) 651-4500<br \/>Correo electr\u00f3nico: Billing@mypromptmed.com<br \/>Horario: lunes a viernes, de 9:00 a 17:00<\/p><\/div>\n                        <div class=\"block-button-row\">\n                            <\/div>\n        <\/div>\n    <\/div>\n<\/div>\n<!-- end One Column Copy -->\t\t\t\t<\/div>\n\t\t\t\t<\/div>\n\t\t\t\t\t<\/div>\n\t\t<\/div>\n\t\t\t\t\t<\/div>\n\t\t<\/section>\n\t\t\t\t<\/div>\n\t\t","protected":false},"excerpt":{"rendered":"<p>Pagar my factura Para nosotros es importante que el proceso de pago de nuestros pacientes sea r\u00e1pido y sencillo. Lea a continuaci\u00f3n para encontrar la opci\u00f3n de pago que mejor se adapte a sus necesidades. Tambi\u00e9n puede pagar en persona en cualquier cl\u00ednica de atenci\u00f3n de urgencias PromptMed. Pagar ahora Pagar con tarjeta de cr\u00e9dito [&hellip;]<\/p>\n","protected":false},"author":2,"featured_media":0,"parent":0,"menu_order":0,"comment_status":"closed","ping_status":"closed","template":"","meta":{"_acf_changed":false,"footnotes":""},"class_list":["post-3181","page","type-page","status-publish","hentry"],"acf":[],"yoast_head":"<!-- This site is optimized with the Yoast SEO plugin v27.0 - https:\/\/yoast.com\/product\/yoast-seo-wordpress\/ -->\n<title>Pagar mi factura - PromptMed Urgent Care<\/title>\n<meta name=\"description\" content=\"Es importante para nosotros que este proceso sea r\u00e1pido y sencillo. Pague con cheque, tarjeta de cr\u00e9dito o en persona.\" \/>\n<meta name=\"robots\" content=\"index, follow, max-snippet:-1, max-image-preview:large, max-video-preview:-1\" \/>\n<link rel=\"canonical\" href=\"https:\/\/www.promptmedurgentcare.net\/es\/billpay\/\" \/>\n<meta property=\"og:locale\" content=\"es_ES\" \/>\n<meta property=\"og:type\" content=\"article\" \/>\n<meta property=\"og:title\" content=\"Pagar mi factura - PromptMed Urgent Care\" \/>\n<meta property=\"og:description\" content=\"Es importante para nosotros que este proceso sea r\u00e1pido y sencillo. Pague con cheque, tarjeta de cr\u00e9dito o en persona.\" \/>\n<meta property=\"og:url\" content=\"https:\/\/www.promptmedurgentcare.net\/es\/billpay\/\" \/>\n<meta property=\"og:site_name\" content=\"PromptMed Urgent Care\" \/>\n<meta property=\"article:modified_time\" content=\"2025-10-29T20:56:31+00:00\" \/>\n<meta property=\"og:image\" content=\"https:\/\/www.promptmedurgentcare.net\/wp-content\/uploads\/2025\/04\/OPT_PayMyBill-1.jpg\" \/>\n\t<meta property=\"og:image:width\" content=\"2560\" \/>\n\t<meta property=\"og:image:height\" content=\"1000\" \/>\n\t<meta property=\"og:image:type\" content=\"image\/jpeg\" \/>\n<meta name=\"twitter:card\" content=\"summary_large_image\" \/>\n<meta name=\"twitter:label1\" content=\"Tiempo de lectura\" \/>\n\t<meta name=\"twitter:data1\" content=\"1 minuto\" \/>\n<script type=\"application\/ld+json\" class=\"yoast-schema-graph\">{\"@context\":\"https:\/\/schema.org\",\"@graph\":[{\"@type\":\"WebPage\",\"@id\":\"https:\/\/www.promptmedurgentcare.net\/es\/billpay\/\",\"url\":\"https:\/\/www.promptmedurgentcare.net\/es\/billpay\/\",\"name\":\"Pagar mi factura - PromptMed Urgent Care\",\"isPartOf\":{\"@id\":\"https:\/\/promptmedurgentcare.net\/#website\"},\"primaryImageOfPage\":{\"@id\":\"https:\/\/www.promptmedurgentcare.net\/es\/billpay\/#primaryimage\"},\"image\":{\"@id\":\"https:\/\/www.promptmedurgentcare.net\/es\/billpay\/#primaryimage\"},\"thumbnailUrl\":\"https:\/\/www.promptmedurgentcare.net\/wp-content\/uploads\/2025\/04\/OPT_PayMyBill-1-1024x400.jpg\",\"datePublished\":\"2023-09-13T19:44:37+00:00\",\"dateModified\":\"2025-10-29T20:56:31+00:00\",\"description\":\"Es importante para nosotros que este proceso sea r\u00e1pido y sencillo. Pague con cheque, tarjeta de cr\u00e9dito o en persona.\",\"breadcrumb\":{\"@id\":\"https:\/\/www.promptmedurgentcare.net\/es\/billpay\/#breadcrumb\"},\"inLanguage\":\"es\",\"potentialAction\":[{\"@type\":\"ReadAction\",\"target\":[\"https:\/\/www.promptmedurgentcare.net\/es\/billpay\/\"]}]},{\"@type\":\"ImageObject\",\"inLanguage\":\"es\",\"@id\":\"https:\/\/www.promptmedurgentcare.net\/es\/billpay\/#primaryimage\",\"url\":\"https:\/\/www.promptmedurgentcare.net\/wp-content\/uploads\/2025\/04\/OPT_PayMyBill-1-1024x400.jpg\",\"contentUrl\":\"https:\/\/www.promptmedurgentcare.net\/wp-content\/uploads\/2025\/04\/OPT_PayMyBill-1-1024x400.jpg\"},{\"@type\":\"BreadcrumbList\",\"@id\":\"https:\/\/www.promptmedurgentcare.net\/es\/billpay\/#breadcrumb\",\"itemListElement\":[{\"@type\":\"ListItem\",\"position\":1,\"name\":\"Home\",\"item\":\"https:\/\/www.promptmedurgentcare.net\/es\/\"},{\"@type\":\"ListItem\",\"position\":2,\"name\":\"Pagar mi factura\"}]},{\"@type\":\"WebSite\",\"@id\":\"https:\/\/promptmedurgentcare.net\/#website\",\"url\":\"https:\/\/promptmedurgentcare.net\/\",\"name\":\"PromptMed Urgent Care\",\"description\":\"Neighborhood Walk-In Medical Clinics\",\"publisher\":{\"@id\":\"https:\/\/promptmedurgentcare.net\/#organization\"},\"potentialAction\":[{\"@type\":\"SearchAction\",\"target\":{\"@type\":\"EntryPoint\",\"urlTemplate\":\"https:\/\/promptmedurgentcare.net\/?s={search_term_string}\"},\"query-input\":{\"@type\":\"PropertyValueSpecification\",\"valueRequired\":true,\"valueName\":\"search_term_string\"}}],\"inLanguage\":\"es\"},{\"@type\":\"Organization\",\"@id\":\"https:\/\/promptmedurgentcare.net\/#organization\",\"name\":\"PromptMed Urgent Care\",\"url\":\"https:\/\/promptmedurgentcare.net\/\",\"logo\":{\"@type\":\"ImageObject\",\"inLanguage\":\"es\",\"@id\":\"https:\/\/promptmedurgentcare.net\/#\/schema\/logo\/image\/\",\"url\":\"https:\/\/www.promptmedurgentcare.net\/wp-content\/uploads\/2023\/07\/promptmed-logo.svg\",\"contentUrl\":\"https:\/\/www.promptmedurgentcare.net\/wp-content\/uploads\/2023\/07\/promptmed-logo.svg\",\"caption\":\"PromptMed Urgent Care\"},\"image\":{\"@id\":\"https:\/\/promptmedurgentcare.net\/#\/schema\/logo\/image\/\"}}]}<\/script>\n<!-- \/ Yoast SEO plugin. -->","yoast_head_json":{"title":"Pagar mi factura - PromptMed Urgent Care","description":"Es importante para nosotros que este proceso sea r\u00e1pido y sencillo. Pague con cheque, tarjeta de cr\u00e9dito o en persona.","robots":{"index":"index","follow":"follow","max-snippet":"max-snippet:-1","max-image-preview":"max-image-preview:large","max-video-preview":"max-video-preview:-1"},"canonical":"https:\/\/www.promptmedurgentcare.net\/es\/billpay\/","og_locale":"es_ES","og_type":"article","og_title":"Pagar mi factura - PromptMed Urgent Care","og_description":"Es importante para nosotros que este proceso sea r\u00e1pido y sencillo. Pague con cheque, tarjeta de cr\u00e9dito o en persona.","og_url":"https:\/\/www.promptmedurgentcare.net\/es\/billpay\/","og_site_name":"PromptMed Urgent Care","article_modified_time":"2025-10-29T20:56:31+00:00","og_image":[{"width":2560,"height":1000,"url":"https:\/\/www.promptmedurgentcare.net\/wp-content\/uploads\/2025\/04\/OPT_PayMyBill-1.jpg","type":"image\/jpeg"}],"twitter_card":"summary_large_image","twitter_misc":{"Tiempo de lectura":"1 minuto"},"schema":{"@context":"https:\/\/schema.org","@graph":[{"@type":"WebPage","@id":"https:\/\/www.promptmedurgentcare.net\/es\/billpay\/","url":"https:\/\/www.promptmedurgentcare.net\/es\/billpay\/","name":"Pagar mi factura - PromptMed Urgent Care","isPartOf":{"@id":"https:\/\/promptmedurgentcare.net\/#website"},"primaryImageOfPage":{"@id":"https:\/\/www.promptmedurgentcare.net\/es\/billpay\/#primaryimage"},"image":{"@id":"https:\/\/www.promptmedurgentcare.net\/es\/billpay\/#primaryimage"},"thumbnailUrl":"https:\/\/www.promptmedurgentcare.net\/wp-content\/uploads\/2025\/04\/OPT_PayMyBill-1-1024x400.jpg","datePublished":"2023-09-13T19:44:37+00:00","dateModified":"2025-10-29T20:56:31+00:00","description":"Es importante para nosotros que este proceso sea r\u00e1pido y sencillo. Pague con cheque, tarjeta de cr\u00e9dito o en persona.","breadcrumb":{"@id":"https:\/\/www.promptmedurgentcare.net\/es\/billpay\/#breadcrumb"},"inLanguage":"es","potentialAction":[{"@type":"ReadAction","target":["https:\/\/www.promptmedurgentcare.net\/es\/billpay\/"]}]},{"@type":"ImageObject","inLanguage":"es","@id":"https:\/\/www.promptmedurgentcare.net\/es\/billpay\/#primaryimage","url":"https:\/\/www.promptmedurgentcare.net\/wp-content\/uploads\/2025\/04\/OPT_PayMyBill-1-1024x400.jpg","contentUrl":"https:\/\/www.promptmedurgentcare.net\/wp-content\/uploads\/2025\/04\/OPT_PayMyBill-1-1024x400.jpg"},{"@type":"BreadcrumbList","@id":"https:\/\/www.promptmedurgentcare.net\/es\/billpay\/#breadcrumb","itemListElement":[{"@type":"ListItem","position":1,"name":"Home","item":"https:\/\/www.promptmedurgentcare.net\/es\/"},{"@type":"ListItem","position":2,"name":"Pagar mi factura"}]},{"@type":"WebSite","@id":"https:\/\/promptmedurgentcare.net\/#website","url":"https:\/\/promptmedurgentcare.net\/","name":"PromptMed Urgent Care","description":"Neighborhood Walk-In Medical Clinics","publisher":{"@id":"https:\/\/promptmedurgentcare.net\/#organization"},"potentialAction":[{"@type":"SearchAction","target":{"@type":"EntryPoint","urlTemplate":"https:\/\/promptmedurgentcare.net\/?s={search_term_string}"},"query-input":{"@type":"PropertyValueSpecification","valueRequired":true,"valueName":"search_term_string"}}],"inLanguage":"es"},{"@type":"Organization","@id":"https:\/\/promptmedurgentcare.net\/#organization","name":"PromptMed Urgent Care","url":"https:\/\/promptmedurgentcare.net\/","logo":{"@type":"ImageObject","inLanguage":"es","@id":"https:\/\/promptmedurgentcare.net\/#\/schema\/logo\/image\/","url":"https:\/\/www.promptmedurgentcare.net\/wp-content\/uploads\/2023\/07\/promptmed-logo.svg","contentUrl":"https:\/\/www.promptmedurgentcare.net\/wp-content\/uploads\/2023\/07\/promptmed-logo.svg","caption":"PromptMed Urgent Care"},"image":{"@id":"https:\/\/promptmedurgentcare.net\/#\/schema\/logo\/image\/"}}]}},"_links":{"self":[{"href":"https:\/\/www.promptmedurgentcare.net\/es\/wp-json\/wp\/v2\/pages\/3181","targetHints":{"allow":["GET"]}}],"collection":[{"href":"https:\/\/www.promptmedurgentcare.net\/es\/wp-json\/wp\/v2\/pages"}],"about":[{"href":"https:\/\/www.promptmedurgentcare.net\/es\/wp-json\/wp\/v2\/types\/page"}],"author":[{"embeddable":true,"href":"https:\/\/www.promptmedurgentcare.net\/es\/wp-json\/wp\/v2\/users\/2"}],"replies":[{"embeddable":true,"href":"https:\/\/www.promptmedurgentcare.net\/es\/wp-json\/wp\/v2\/comments?post=3181"}],"version-history":[{"count":7,"href":"https:\/\/www.promptmedurgentcare.net\/es\/wp-json\/wp\/v2\/pages\/3181\/revisions"}],"predecessor-version":[{"id":9131,"href":"https:\/\/www.promptmedurgentcare.net\/es\/wp-json\/wp\/v2\/pages\/3181\/revisions\/9131"}],"wp:attachment":[{"href":"https:\/\/www.promptmedurgentcare.net\/es\/wp-json\/wp\/v2\/media?parent=3181"}],"curies":[{"name":"wp","href":"https:\/\/api.w.org\/{rel}","templated":true}]}}