{"id":3174,"date":"2023-08-07T21:29:19","date_gmt":"2023-08-07T21:29:19","guid":{"rendered":"https:\/\/www.promptmedurgentcare.net\/carreras\/"},"modified":"2025-10-29T21:39:33","modified_gmt":"2025-10-29T21:39:33","slug":"careers","status":"publish","type":"page","link":"https:\/\/www.promptmedurgentcare.net\/es\/careers\/","title":{"rendered":"Carreras profesionales"},"content":{"rendered":"\t\t<div data-elementor-type=\"wp-page\" data-elementor-id=\"3174\" class=\"elementor elementor-3174 elementor-292\" data-elementor-post-type=\"page\">\n\t\t\t\t\t\t<section class=\"elementor-section elementor-top-section elementor-element elementor-element-e1faf42 elementor-section-boxed elementor-section-height-default elementor-section-height-default\" data-id=\"e1faf42\" data-element_type=\"section\" data-e-type=\"section\">\n\t\t\t\t\t\t<div class=\"elementor-container elementor-column-gap-default\">\n\t\t\t\t\t<section class=\"elementor-column elementor-col-100 elementor-top-column elementor-element elementor-element-df098d4\" data-id=\"df098d4\" data-element_type=\"column\" data-e-type=\"column\">\n\t\t\t<div class=\"elementor-widget-wrap elementor-element-populated\">\n\t\t\t\t\t\t<div class=\"elementor-element elementor-element-7390f3f elementor-widget elementor-widget-spacer\" data-id=\"7390f3f\" data-element_type=\"widget\" data-e-type=\"widget\" data-widget_type=\"spacer.default\">\n\t\t\t\t<div class=\"elementor-widget-container\">\n\t\t\t\t\t\t\t<div class=\"elementor-spacer\">\n\t\t\t<div class=\"elementor-spacer-inner\"><\/div>\n\t\t<\/div>\n\t\t\t\t\t\t<\/div>\n\t\t\t\t<\/div>\n\t\t\t\t\t<\/div>\n\t\t<\/section>\n\t\t\t\t\t<\/div>\n\t\t<\/section>\n\t\t\t\t<section class=\"elementor-section elementor-top-section elementor-element elementor-element-a73db24 elementor-section-boxed elementor-section-height-default elementor-section-height-default\" data-id=\"a73db24\" data-element_type=\"section\" data-e-type=\"section\">\n\t\t\t\t\t\t<div class=\"elementor-container elementor-column-gap-default\">\n\t\t\t\t\t<div class=\"elementor-column elementor-col-100 elementor-top-column elementor-element elementor-element-97e1bc7\" data-id=\"97e1bc7\" data-element_type=\"column\" data-e-type=\"column\">\n\t\t\t<div class=\"elementor-widget-wrap elementor-element-populated\">\n\t\t\t\t\t\t<div class=\"elementor-element elementor-element-f5a590f elementor-widget elementor-widget-heading\" data-id=\"f5a590f\" data-element_type=\"widget\" data-e-type=\"widget\" data-widget_type=\"heading.default\">\n\t\t\t\t<div class=\"elementor-widget-container\">\n\t\t\t\t\t<h2 class=\"elementor-heading-title elementor-size-default\">Carreras en PromptMed Urgent Care<\/h2>\t\t\t\t<\/div>\n\t\t\t\t<\/div>\n\t\t\t\t<div class=\"elementor-element elementor-element-0fd066e elementor-widget elementor-widget-text-editor\" data-id=\"0fd066e\" data-element_type=\"widget\" data-e-type=\"widget\" data-widget_type=\"text-editor.default\">\n\t\t\t\t<div class=\"elementor-widget-container\">\n\t\t\t\t\t\t\t\t\t<p>En PromptMed Urgent Care, nuestras carreras se basan en la compasi\u00f3n, el trabajo en equipo y un compromiso compartido para marcar la diferencia en las comunidades a las que servimos. Como parte de nuestro equipo, tendr\u00e1s la oportunidad de impactar vidas a diario, trabajando junto a compa\u00f1eros que te apoyar\u00e1n y que comparten tu pasi\u00f3n por brindar atenci\u00f3n de alta calidad. En 2025, PromptMed Urgent Care se enorgulleci\u00f3 de figurar en la lista Inc. 5000 de las empresas privadas de mayor crecimiento en Estados Unidos, un reconocimiento que refleja la dedicaci\u00f3n y el talento de nuestro equipo. Explora las oportunidades laborales en PromptMed Urgent Care y \u00fanete a un entorno laboral que valora tus habilidades, tu dedicaci\u00f3n y tu crecimiento.<\/p>\t\t\t\t\t\t\t\t<\/div>\n\t\t\t\t<\/div>\n\t\t\t\t\t<\/div>\n\t\t<\/div>\n\t\t\t\t\t<\/div>\n\t\t<\/section>\n\t\t\t\t<section class=\"elementor-section elementor-top-section elementor-element elementor-element-77369e4 elementor-section-boxed elementor-section-height-default elementor-section-height-default\" data-id=\"77369e4\" data-element_type=\"section\" data-e-type=\"section\">\n\t\t\t\t\t\t<div class=\"elementor-container elementor-column-gap-default\">\n\t\t\t\t\t<div class=\"elementor-column elementor-col-50 elementor-top-column elementor-element elementor-element-ee22c43\" data-id=\"ee22c43\" data-element_type=\"column\" data-e-type=\"column\">\n\t\t\t<div class=\"elementor-widget-wrap elementor-element-populated\">\n\t\t\t\t\t\t<div class=\"elementor-element elementor-element-a5f7372 elementor-hidden-mobile elementor-widget elementor-widget-spacer\" data-id=\"a5f7372\" data-element_type=\"widget\" data-e-type=\"widget\" data-widget_type=\"spacer.default\">\n\t\t\t\t<div class=\"elementor-widget-container\">\n\t\t\t\t\t\t\t<div class=\"elementor-spacer\">\n\t\t\t<div class=\"elementor-spacer-inner\"><\/div>\n\t\t<\/div>\n\t\t\t\t\t\t<\/div>\n\t\t\t\t<\/div>\n\t\t\t\t<div class=\"elementor-element elementor-element-a8e5497 elementor-widget elementor-widget-text-editor\" data-id=\"a8e5497\" data-element_type=\"widget\" data-e-type=\"widget\" data-widget_type=\"text-editor.default\">\n\t\t\t\t<div class=\"elementor-widget-container\">\n\t\t\t\t\t\t\t\t\t<p>Una carrera en PromptMed Urgent Care ofrece una oportunidad \u00fanica para unirse a una red de cl\u00ednicas m\u00e9dicas sin cita previa en r\u00e1pido crecimiento. Cada cl\u00ednica PromptMed Urgent Care se centra en el paciente y en la comunidad.<\/p>\t\t\t\t\t\t\t\t<\/div>\n\t\t\t\t<\/div>\n\t\t\t\t\t<\/div>\n\t\t<\/div>\n\t\t\t\t<div class=\"elementor-column elementor-col-50 elementor-top-column elementor-element elementor-element-04d08b1\" data-id=\"04d08b1\" data-element_type=\"column\" data-e-type=\"column\">\n\t\t\t<div class=\"elementor-widget-wrap elementor-element-populated\">\n\t\t\t\t\t\t<div class=\"elementor-element elementor-element-51a37c9 elementor-widget elementor-widget-image\" data-id=\"51a37c9\" data-element_type=\"widget\" data-e-type=\"widget\" data-widget_type=\"image.default\">\n\t\t\t\t<div class=\"elementor-widget-container\">\n\t\t\t\t\t\t\t\t\t\t\t\t\t\t\t<img fetchpriority=\"high\" decoding=\"async\" width=\"800\" height=\"532\" src=\"https:\/\/www.promptmedurgentcare.net\/wp-content\/uploads\/2025\/04\/OPT_Careers_MA-1-1024x681.jpg\" class=\"attachment-large size-large wp-image-7019\" alt=\"Profesional de la salud extrayendo sangre de un paciente en PromptMed Urgent Care\" srcset=\"https:\/\/www.promptmedurgentcare.net\/wp-content\/uploads\/2025\/04\/OPT_Careers_MA-1-1024x681.jpg 1024w, https:\/\/www.promptmedurgentcare.net\/wp-content\/uploads\/2025\/04\/OPT_Careers_MA-1-300x200.jpg 300w, https:\/\/www.promptmedurgentcare.net\/wp-content\/uploads\/2025\/04\/OPT_Careers_MA-1-768x511.jpg 768w, https:\/\/www.promptmedurgentcare.net\/wp-content\/uploads\/2025\/04\/OPT_Careers_MA-1-1536x1022.jpg 1536w, https:\/\/www.promptmedurgentcare.net\/wp-content\/uploads\/2025\/04\/OPT_Careers_MA-1-445x296.jpg 445w, https:\/\/www.promptmedurgentcare.net\/wp-content\/uploads\/2025\/04\/OPT_Careers_MA-1.jpg 1920w\" sizes=\"(max-width: 800px) 100vw, 800px\" \/>\t\t\t\t\t\t\t\t\t\t\t\t\t\t\t<\/div>\n\t\t\t\t<\/div>\n\t\t\t\t\t<\/div>\n\t\t<\/div>\n\t\t\t\t\t<\/div>\n\t\t<\/section>\n\t\t\t\t<section class=\"elementor-section elementor-top-section elementor-element elementor-element-b6df6ce elementor-section-boxed elementor-section-height-default elementor-section-height-default\" data-id=\"b6df6ce\" data-element_type=\"section\" data-e-type=\"section\">\n\t\t\t\t\t\t<div class=\"elementor-container elementor-column-gap-default\">\n\t\t\t\t\t<div class=\"elementor-column elementor-col-50 elementor-top-column elementor-element elementor-element-d77de00\" data-id=\"d77de00\" data-element_type=\"column\" data-e-type=\"column\">\n\t\t\t<div class=\"elementor-widget-wrap elementor-element-populated\">\n\t\t\t\t\t\t<div class=\"elementor-element elementor-element-500c39d elementor-widget elementor-widget-image\" data-id=\"500c39d\" data-element_type=\"widget\" data-e-type=\"widget\" data-widget_type=\"image.default\">\n\t\t\t\t<div class=\"elementor-widget-container\">\n\t\t\t\t\t\t\t\t\t\t\t\t\t\t\t<img decoding=\"async\" width=\"800\" height=\"532\" src=\"https:\/\/www.promptmedurgentcare.net\/wp-content\/uploads\/2025\/09\/Nice-1024x681.png\" class=\"attachment-large size-large wp-image-8727\" alt=\"\" srcset=\"https:\/\/www.promptmedurgentcare.net\/wp-content\/uploads\/2025\/09\/Nice-1024x681.png 1024w, https:\/\/www.promptmedurgentcare.net\/wp-content\/uploads\/2025\/09\/Nice-300x200.png 300w, https:\/\/www.promptmedurgentcare.net\/wp-content\/uploads\/2025\/09\/Nice-768x511.png 768w, https:\/\/www.promptmedurgentcare.net\/wp-content\/uploads\/2025\/09\/Nice-1536x1021.png 1536w, https:\/\/www.promptmedurgentcare.net\/wp-content\/uploads\/2025\/09\/Nice-445x296.png 445w, https:\/\/www.promptmedurgentcare.net\/wp-content\/uploads\/2025\/09\/Nice.png 1636w\" sizes=\"(max-width: 800px) 100vw, 800px\" \/>\t\t\t\t\t\t\t\t\t\t\t\t\t\t\t<\/div>\n\t\t\t\t<\/div>\n\t\t\t\t\t<\/div>\n\t\t<\/div>\n\t\t\t\t<div class=\"elementor-column elementor-col-50 elementor-top-column elementor-element elementor-element-12f2fb5\" data-id=\"12f2fb5\" data-element_type=\"column\" data-e-type=\"column\">\n\t\t\t<div class=\"elementor-widget-wrap elementor-element-populated\">\n\t\t\t\t\t\t<div class=\"elementor-element elementor-element-1637dee elementor-hidden-mobile elementor-widget elementor-widget-spacer\" data-id=\"1637dee\" data-element_type=\"widget\" data-e-type=\"widget\" data-widget_type=\"spacer.default\">\n\t\t\t\t<div class=\"elementor-widget-container\">\n\t\t\t\t\t\t\t<div class=\"elementor-spacer\">\n\t\t\t<div class=\"elementor-spacer-inner\"><\/div>\n\t\t<\/div>\n\t\t\t\t\t\t<\/div>\n\t\t\t\t<\/div>\n\t\t\t\t<div class=\"elementor-element elementor-element-a9c9e0d elementor-widget elementor-widget-text-editor\" data-id=\"a9c9e0d\" data-element_type=\"widget\" data-e-type=\"widget\" data-widget_type=\"text-editor.default\">\n\t\t\t\t<div class=\"elementor-widget-container\">\n\t\t\t\t\t\t\t\t\t<p>\u00a1Nos enorgullecemos de las relaciones que hemos construido dentro de nuestras comunidades!<\/p>\t\t\t\t\t\t\t\t<\/div>\n\t\t\t\t<\/div>\n\t\t\t\t\t<\/div>\n\t\t<\/div>\n\t\t\t\t\t<\/div>\n\t\t<\/section>\n\t\t\t\t<section class=\"elementor-section elementor-top-section elementor-element elementor-element-70004a5 elementor-section-boxed elementor-section-height-default elementor-section-height-default\" data-id=\"70004a5\" data-element_type=\"section\" data-e-type=\"section\">\n\t\t\t\t\t\t<div class=\"elementor-container elementor-column-gap-default\">\n\t\t\t\t\t<div class=\"elementor-column elementor-col-50 elementor-top-column elementor-element elementor-element-706cd23\" data-id=\"706cd23\" data-element_type=\"column\" data-e-type=\"column\">\n\t\t\t<div class=\"elementor-widget-wrap elementor-element-populated\">\n\t\t\t\t\t\t<div class=\"elementor-element elementor-element-8a28e98 elementor-hidden-mobile elementor-widget elementor-widget-spacer\" data-id=\"8a28e98\" data-element_type=\"widget\" data-e-type=\"widget\" data-widget_type=\"spacer.default\">\n\t\t\t\t<div class=\"elementor-widget-container\">\n\t\t\t\t\t\t\t<div class=\"elementor-spacer\">\n\t\t\t<div class=\"elementor-spacer-inner\"><\/div>\n\t\t<\/div>\n\t\t\t\t\t\t<\/div>\n\t\t\t\t<\/div>\n\t\t\t\t<div class=\"elementor-element elementor-element-8823ebd elementor-widget elementor-widget-text-editor\" data-id=\"8823ebd\" data-element_type=\"widget\" data-e-type=\"widget\" data-widget_type=\"text-editor.default\">\n\t\t\t\t<div class=\"elementor-widget-container\">\n\t\t\t\t\t\t\t\t\t<p>Trabajar en PromptMed Urgent Care significa trabajar para una empresa que prioriza tu salud y bienestar, as\u00ed como tu desarrollo profesional.<\/p>\t\t\t\t\t\t\t\t<\/div>\n\t\t\t\t<\/div>\n\t\t\t\t\t<\/div>\n\t\t<\/div>\n\t\t\t\t<div class=\"elementor-column elementor-col-50 elementor-top-column elementor-element elementor-element-3810127\" data-id=\"3810127\" data-element_type=\"column\" data-e-type=\"column\">\n\t\t\t<div class=\"elementor-widget-wrap elementor-element-populated\">\n\t\t\t\t\t\t<div class=\"elementor-element elementor-element-70b7b6e elementor-widget elementor-widget-image\" data-id=\"70b7b6e\" data-element_type=\"widget\" data-e-type=\"widget\" data-widget_type=\"image.default\">\n\t\t\t\t<div class=\"elementor-widget-container\">\n\t\t\t\t\t\t\t\t\t\t\t\t\t\t\t<img decoding=\"async\" width=\"800\" height=\"600\" src=\"https:\/\/www.promptmedurgentcare.net\/wp-content\/uploads\/2025\/07\/employee-prompt-1024x768.jpg\" class=\"attachment-large size-large wp-image-8101\" alt=\"Group of Employees in front of PromptMed Urgent Care - Highland Park\" srcset=\"https:\/\/www.promptmedurgentcare.net\/wp-content\/uploads\/2025\/07\/employee-prompt-1024x768.jpg 1024w, https:\/\/www.promptmedurgentcare.net\/wp-content\/uploads\/2025\/07\/employee-prompt-300x225.jpg 300w, https:\/\/www.promptmedurgentcare.net\/wp-content\/uploads\/2025\/07\/employee-prompt-768x576.jpg 768w, https:\/\/www.promptmedurgentcare.net\/wp-content\/uploads\/2025\/07\/employee-prompt-1536x1152.jpg 1536w, https:\/\/www.promptmedurgentcare.net\/wp-content\/uploads\/2025\/07\/employee-prompt-2048x1536.jpg 2048w, https:\/\/www.promptmedurgentcare.net\/wp-content\/uploads\/2025\/07\/employee-prompt-445x334.jpg 445w\" sizes=\"(max-width: 800px) 100vw, 800px\" \/>\t\t\t\t\t\t\t\t\t\t\t\t\t\t\t<\/div>\n\t\t\t\t<\/div>\n\t\t\t\t\t<\/div>\n\t\t<\/div>\n\t\t\t\t\t<\/div>\n\t\t<\/section>\n\t\t\t\t<\/div>\n\t\t","protected":false},"excerpt":{"rendered":"<p>Carreras en PromptMed Urgent Care En PromptMed Urgent Care, nuestras carreras se basan en la compasi\u00f3n, el trabajo en equipo y un compromiso compartido para marcar la diferencia en las comunidades a las que servimos. Como parte de nuestro equipo, tendr\u00e1s la oportunidad de impactar vidas a diario, trabajando junto a compa\u00f1eros que te apoyar\u00e1n [&hellip;]<\/p>\n","protected":false},"author":1,"featured_media":0,"parent":0,"menu_order":0,"comment_status":"closed","ping_status":"closed","template":"","meta":{"_acf_changed":false,"footnotes":""},"class_list":["post-3174","page","type-page","status-publish","hentry"],"acf":[],"yoast_head":"<!-- This site is optimized with the Yoast SEO plugin v27.0 - https:\/\/yoast.com\/product\/yoast-seo-wordpress\/ -->\n<title>Carreras profesionales - PromptMed Urgent Care<\/title>\n<meta name=\"description\" content=\"\u00a1Aprenda m\u00e1s sobre carreras emocionantes con nosotros! Si ser\u00eda una gran incorporaci\u00f3n al equipo de PromptMed Urgent Care, env\u00ede su curr\u00edculum hoy.\" \/>\n<meta name=\"robots\" content=\"index, follow, max-snippet:-1, max-image-preview:large, max-video-preview:-1\" \/>\n<link rel=\"canonical\" href=\"https:\/\/www.promptmedurgentcare.net\/es\/careers\/\" \/>\n<meta property=\"og:locale\" content=\"es_ES\" \/>\n<meta property=\"og:type\" content=\"article\" \/>\n<meta property=\"og:title\" content=\"Carreras profesionales - PromptMed Urgent Care\" \/>\n<meta property=\"og:description\" content=\"\u00a1Aprenda m\u00e1s sobre carreras emocionantes con nosotros! Si ser\u00eda una gran incorporaci\u00f3n al equipo de PromptMed Urgent Care, env\u00ede su curr\u00edculum hoy.\" \/>\n<meta property=\"og:url\" content=\"https:\/\/www.promptmedurgentcare.net\/es\/careers\/\" \/>\n<meta property=\"og:site_name\" content=\"PromptMed Urgent Care\" \/>\n<meta property=\"article:modified_time\" content=\"2025-10-29T21:39:33+00:00\" \/>\n<meta property=\"og:image\" content=\"https:\/\/www.promptmedurgentcare.net\/wp-content\/uploads\/2025\/04\/OPT_Careers_MA-1-1024x681.jpg\" \/>\n<meta name=\"twitter:card\" content=\"summary_large_image\" \/>\n<meta name=\"twitter:label1\" content=\"Tiempo de lectura\" \/>\n\t<meta name=\"twitter:data1\" content=\"2 minutos\" \/>\n<script type=\"application\/ld+json\" class=\"yoast-schema-graph\">{\"@context\":\"https:\/\/schema.org\",\"@graph\":[{\"@type\":\"WebPage\",\"@id\":\"https:\/\/www.promptmedurgentcare.net\/es\/careers\/\",\"url\":\"https:\/\/www.promptmedurgentcare.net\/es\/careers\/\",\"name\":\"Carreras profesionales - PromptMed Urgent Care\",\"isPartOf\":{\"@id\":\"https:\/\/promptmedurgentcare.net\/#website\"},\"primaryImageOfPage\":{\"@id\":\"https:\/\/www.promptmedurgentcare.net\/es\/careers\/#primaryimage\"},\"image\":{\"@id\":\"https:\/\/www.promptmedurgentcare.net\/es\/careers\/#primaryimage\"},\"thumbnailUrl\":\"https:\/\/www.promptmedurgentcare.net\/wp-content\/uploads\/2025\/04\/OPT_Careers_MA-1-1024x681.jpg\",\"datePublished\":\"2023-08-07T21:29:19+00:00\",\"dateModified\":\"2025-10-29T21:39:33+00:00\",\"description\":\"\u00a1Aprenda m\u00e1s sobre carreras emocionantes con nosotros! Si ser\u00eda una gran incorporaci\u00f3n al equipo de PromptMed Urgent Care, env\u00ede su curr\u00edculum hoy.\",\"breadcrumb\":{\"@id\":\"https:\/\/www.promptmedurgentcare.net\/es\/careers\/#breadcrumb\"},\"inLanguage\":\"es\",\"potentialAction\":[{\"@type\":\"ReadAction\",\"target\":[\"https:\/\/www.promptmedurgentcare.net\/es\/careers\/\"]}]},{\"@type\":\"ImageObject\",\"inLanguage\":\"es\",\"@id\":\"https:\/\/www.promptmedurgentcare.net\/es\/careers\/#primaryimage\",\"url\":\"https:\/\/www.promptmedurgentcare.net\/wp-content\/uploads\/2025\/04\/OPT_Careers_MA-1-1024x681.jpg\",\"contentUrl\":\"https:\/\/www.promptmedurgentcare.net\/wp-content\/uploads\/2025\/04\/OPT_Careers_MA-1-1024x681.jpg\"},{\"@type\":\"BreadcrumbList\",\"@id\":\"https:\/\/www.promptmedurgentcare.net\/es\/careers\/#breadcrumb\",\"itemListElement\":[{\"@type\":\"ListItem\",\"position\":1,\"name\":\"Home\",\"item\":\"https:\/\/www.promptmedurgentcare.net\/es\/\"},{\"@type\":\"ListItem\",\"position\":2,\"name\":\"Carreras profesionales\"}]},{\"@type\":\"WebSite\",\"@id\":\"https:\/\/promptmedurgentcare.net\/#website\",\"url\":\"https:\/\/promptmedurgentcare.net\/\",\"name\":\"PromptMed Urgent Care\",\"description\":\"Neighborhood Walk-In Medical Clinics\",\"publisher\":{\"@id\":\"https:\/\/promptmedurgentcare.net\/#organization\"},\"potentialAction\":[{\"@type\":\"SearchAction\",\"target\":{\"@type\":\"EntryPoint\",\"urlTemplate\":\"https:\/\/promptmedurgentcare.net\/?s={search_term_string}\"},\"query-input\":{\"@type\":\"PropertyValueSpecification\",\"valueRequired\":true,\"valueName\":\"search_term_string\"}}],\"inLanguage\":\"es\"},{\"@type\":\"Organization\",\"@id\":\"https:\/\/promptmedurgentcare.net\/#organization\",\"name\":\"PromptMed Urgent Care\",\"url\":\"https:\/\/promptmedurgentcare.net\/\",\"logo\":{\"@type\":\"ImageObject\",\"inLanguage\":\"es\",\"@id\":\"https:\/\/promptmedurgentcare.net\/#\/schema\/logo\/image\/\",\"url\":\"https:\/\/www.promptmedurgentcare.net\/wp-content\/uploads\/2023\/07\/promptmed-logo.svg\",\"contentUrl\":\"https:\/\/www.promptmedurgentcare.net\/wp-content\/uploads\/2023\/07\/promptmed-logo.svg\",\"caption\":\"PromptMed Urgent Care\"},\"image\":{\"@id\":\"https:\/\/promptmedurgentcare.net\/#\/schema\/logo\/image\/\"}}]}<\/script>\n<!-- \/ Yoast SEO plugin. -->","yoast_head_json":{"title":"Carreras profesionales - PromptMed Urgent Care","description":"\u00a1Aprenda m\u00e1s sobre carreras emocionantes con nosotros! Si ser\u00eda una gran incorporaci\u00f3n al equipo de PromptMed Urgent Care, env\u00ede su curr\u00edculum hoy.","robots":{"index":"index","follow":"follow","max-snippet":"max-snippet:-1","max-image-preview":"max-image-preview:large","max-video-preview":"max-video-preview:-1"},"canonical":"https:\/\/www.promptmedurgentcare.net\/es\/careers\/","og_locale":"es_ES","og_type":"article","og_title":"Carreras profesionales - PromptMed Urgent Care","og_description":"\u00a1Aprenda m\u00e1s sobre carreras emocionantes con nosotros! Si ser\u00eda una gran incorporaci\u00f3n al equipo de PromptMed Urgent Care, env\u00ede su curr\u00edculum hoy.","og_url":"https:\/\/www.promptmedurgentcare.net\/es\/careers\/","og_site_name":"PromptMed Urgent Care","article_modified_time":"2025-10-29T21:39:33+00:00","og_image":[{"url":"https:\/\/www.promptmedurgentcare.net\/wp-content\/uploads\/2025\/04\/OPT_Careers_MA-1-1024x681.jpg","type":"","width":"","height":""}],"twitter_card":"summary_large_image","twitter_misc":{"Tiempo de lectura":"2 minutos"},"schema":{"@context":"https:\/\/schema.org","@graph":[{"@type":"WebPage","@id":"https:\/\/www.promptmedurgentcare.net\/es\/careers\/","url":"https:\/\/www.promptmedurgentcare.net\/es\/careers\/","name":"Carreras profesionales - PromptMed Urgent Care","isPartOf":{"@id":"https:\/\/promptmedurgentcare.net\/#website"},"primaryImageOfPage":{"@id":"https:\/\/www.promptmedurgentcare.net\/es\/careers\/#primaryimage"},"image":{"@id":"https:\/\/www.promptmedurgentcare.net\/es\/careers\/#primaryimage"},"thumbnailUrl":"https:\/\/www.promptmedurgentcare.net\/wp-content\/uploads\/2025\/04\/OPT_Careers_MA-1-1024x681.jpg","datePublished":"2023-08-07T21:29:19+00:00","dateModified":"2025-10-29T21:39:33+00:00","description":"\u00a1Aprenda m\u00e1s sobre carreras emocionantes con nosotros! Si ser\u00eda una gran incorporaci\u00f3n al equipo de PromptMed Urgent Care, env\u00ede su curr\u00edculum hoy.","breadcrumb":{"@id":"https:\/\/www.promptmedurgentcare.net\/es\/careers\/#breadcrumb"},"inLanguage":"es","potentialAction":[{"@type":"ReadAction","target":["https:\/\/www.promptmedurgentcare.net\/es\/careers\/"]}]},{"@type":"ImageObject","inLanguage":"es","@id":"https:\/\/www.promptmedurgentcare.net\/es\/careers\/#primaryimage","url":"https:\/\/www.promptmedurgentcare.net\/wp-content\/uploads\/2025\/04\/OPT_Careers_MA-1-1024x681.jpg","contentUrl":"https:\/\/www.promptmedurgentcare.net\/wp-content\/uploads\/2025\/04\/OPT_Careers_MA-1-1024x681.jpg"},{"@type":"BreadcrumbList","@id":"https:\/\/www.promptmedurgentcare.net\/es\/careers\/#breadcrumb","itemListElement":[{"@type":"ListItem","position":1,"name":"Home","item":"https:\/\/www.promptmedurgentcare.net\/es\/"},{"@type":"ListItem","position":2,"name":"Carreras profesionales"}]},{"@type":"WebSite","@id":"https:\/\/promptmedurgentcare.net\/#website","url":"https:\/\/promptmedurgentcare.net\/","name":"PromptMed Urgent Care","description":"Neighborhood Walk-In Medical Clinics","publisher":{"@id":"https:\/\/promptmedurgentcare.net\/#organization"},"potentialAction":[{"@type":"SearchAction","target":{"@type":"EntryPoint","urlTemplate":"https:\/\/promptmedurgentcare.net\/?s={search_term_string}"},"query-input":{"@type":"PropertyValueSpecification","valueRequired":true,"valueName":"search_term_string"}}],"inLanguage":"es"},{"@type":"Organization","@id":"https:\/\/promptmedurgentcare.net\/#organization","name":"PromptMed Urgent Care","url":"https:\/\/promptmedurgentcare.net\/","logo":{"@type":"ImageObject","inLanguage":"es","@id":"https:\/\/promptmedurgentcare.net\/#\/schema\/logo\/image\/","url":"https:\/\/www.promptmedurgentcare.net\/wp-content\/uploads\/2023\/07\/promptmed-logo.svg","contentUrl":"https:\/\/www.promptmedurgentcare.net\/wp-content\/uploads\/2023\/07\/promptmed-logo.svg","caption":"PromptMed Urgent Care"},"image":{"@id":"https:\/\/promptmedurgentcare.net\/#\/schema\/logo\/image\/"}}]}},"_links":{"self":[{"href":"https:\/\/www.promptmedurgentcare.net\/es\/wp-json\/wp\/v2\/pages\/3174","targetHints":{"allow":["GET"]}}],"collection":[{"href":"https:\/\/www.promptmedurgentcare.net\/es\/wp-json\/wp\/v2\/pages"}],"about":[{"href":"https:\/\/www.promptmedurgentcare.net\/es\/wp-json\/wp\/v2\/types\/page"}],"author":[{"embeddable":true,"href":"https:\/\/www.promptmedurgentcare.net\/es\/wp-json\/wp\/v2\/users\/1"}],"replies":[{"embeddable":true,"href":"https:\/\/www.promptmedurgentcare.net\/es\/wp-json\/wp\/v2\/comments?post=3174"}],"version-history":[{"count":10,"href":"https:\/\/www.promptmedurgentcare.net\/es\/wp-json\/wp\/v2\/pages\/3174\/revisions"}],"predecessor-version":[{"id":9145,"href":"https:\/\/www.promptmedurgentcare.net\/es\/wp-json\/wp\/v2\/pages\/3174\/revisions\/9145"}],"wp:attachment":[{"href":"https:\/\/www.promptmedurgentcare.net\/es\/wp-json\/wp\/v2\/media?parent=3174"}],"curies":[{"name":"wp","href":"https:\/\/api.w.org\/{rel}","templated":true}]}}