{"id":3158,"date":"2023-08-07T21:05:15","date_gmt":"2023-08-07T21:05:15","guid":{"rendered":"https:\/\/www.promptmedurgentcare.net\/quienes-somos\/"},"modified":"2025-10-29T19:49:53","modified_gmt":"2025-10-29T19:49:53","slug":"about-us","status":"publish","type":"page","link":"https:\/\/www.promptmedurgentcare.net\/es\/about-us\/","title":{"rendered":"Qui\u00e9nes somos"},"content":{"rendered":"\t\t<div data-elementor-type=\"wp-page\" data-elementor-id=\"3158\" class=\"elementor elementor-3158 elementor-267\" data-elementor-post-type=\"page\">\n\t\t\t\t\t\t<section class=\"elementor-section elementor-top-section elementor-element elementor-element-c6f8b6d elementor-section-full_width elementor-section-height-default elementor-section-height-default\" data-id=\"c6f8b6d\" data-element_type=\"section\" data-e-type=\"section\">\n\t\t\t\t\t\t<div class=\"elementor-container elementor-column-gap-no\">\n\t\t\t\t\t<section class=\"elementor-column elementor-col-100 elementor-top-column elementor-element elementor-element-396f81c\" data-id=\"396f81c\" data-element_type=\"column\" data-e-type=\"column\">\n\t\t\t<div class=\"elementor-widget-wrap elementor-element-populated\">\n\t\t\t\t\t\t<div class=\"elementor-element elementor-element-7256414 elementor-widget elementor-widget-ucaddon_about_copy_and_image\" data-id=\"7256414\" data-element_type=\"widget\" data-e-type=\"widget\" data-widget_type=\"ucaddon_about_copy_and_image.default\">\n\t\t\t\t<div class=\"elementor-widget-container\">\n\t\t\t\t\t\n<!-- start About Copy And Image -->\n<style>\/* widget: About Copy And Image *\/\n\n.block-about-copy-and-image {\n    overflow: hidden;\n    background-color: #FFFFFF;\n  margin-bottom: 25px;\n}\n\n.block-about-copy-and-image .block-row {\n    max-width: 1440px;\n}\n\n.block-about-copy-and-image .block-column-2 {\n    padding-left: 30px;\n    flex: 0 0 50%;\n    display: flex;\n    align-items: center;\n}\n\n.block-about-copy-and-image .block-column-1 {\n    padding: 85px 30px 0px 140px;\n    flex: 0 0 50%;\n    display: flex;\n    flex-direction: column;\n    justify-content: flex-end;\n    align-items: flex-start;\n}\n\n.block-about-copy-and-image .block-heading {\n    margin-bottom: 25px;\n}\n\n.block-about-copy-and-image .block-body {\n    margin-bottom: 25px;\n}\n\n.block-about-copy-and-image .button {\n    min-width: 200px;\n}\n\n.block-about-copy-and-image .button.bottom-margin {\n    margin-bottom: 45px;\n}\n\n.block-about-copy-and-image .block-background-image {\n    width: 100%;\n    height: 100%;\n    object-fit: cover;\n}\n\n@media (max-width: 1024px) {\n    .block-about-copy-and-image {\n        padding-left: 0;\n        padding-right: 0;\n        padding-bottom: 0;\n      margin-bottom: 65px;\n    }\n\n    .block-about-copy-and-image .block-row {\n        flex-direction: column;\n    }\n  \n    .block-about-copy-and-image .block-heading {\n\t\tfont-size: 1.75rem;\n    }\n\n    .block-about-copy-and-image .block-column-2 {\n        padding-left: 0;\n    }\n\n    .block-about-copy-and-image .block-column-1 {\n        padding: 65px 34px 34px;\n\n    }\n\n    .block-about-copy-and-image .block-column-2,\n    .block-about-copy-and-image .block-column-1 {\n        flex: 0 0 auto;\n        width: 100%;\n    }\n\n    .block-about-copy-and-image .block-background-image {\n        width: 100%;\n    }\n}\n\n@media (max-width: 550px) {\n    .block-about-copy-and-image .block-background-image {\n        width: 140%;\n        margin-left: -20%;\n        margin-right: -30%;\n        max-width: 500%;\n    }\n}\n\n<\/style>\n\n<div class=\"block block-about-copy-and-image\">\n    <div class=\"block-row\">\n        <div class=\"block-column block-column-1\">\n                        <h2 class=\"block-heading heading-medium-3xl\">Sobre nosotros<\/h2>\n                                    <div class=\"block-body body-md\"><p>En PromptMed Urgent Care, somos m\u00e1s que una cl\u00ednica; somos un socio de confianza en su cuidado de la salud. Las comunidades a las que servimos son nuestra prioridad.<\/p><p>Cada interacci\u00f3n es una oportunidad para marcar la diferencia, y lo tomamos muy en serio. Escuchamos, nos importan las personas y nos esforzamos al m\u00e1ximo para que te sientas visto y escuchado.<\/p><p>\u00bfTe apasiona lo que hacemos? \u00danete al equipo que lo hace posible: visita nuestra p\u00e1gina de empleo.<\/p><\/div>\n                    <\/div>\n        <div class=\"block-column block-column-2\">\n            <img decoding=\"async\" class=\"block-background-image\" \n                 src=\"https:\/\/www.promptmedurgentcare.net\/wp-content\/uploads\/2025\/04\/OPT_Careers_TeamUnderBalloonArch.jpg\" width=\"1920px\" \n                 srcset=\"https:\/\/www.promptmedurgentcare.net\/wp-content\/uploads\/2025\/04\/OPT_Careers_TeamUnderBalloonArch.jpg 1920w,\n                         https:\/\/www.promptmedurgentcare.net\/wp-content\/uploads\/2025\/04\/OPT_Careers_TeamUnderBalloonArch-1024x681.jpg 1024w, \n                         https:\/\/www.promptmedurgentcare.net\/wp-content\/uploads\/2025\/04\/OPT_Careers_TeamUnderBalloonArch-768x511.jpg 768w, \n                         https:\/\/www.promptmedurgentcare.net\/wp-content\/uploads\/2025\/04\/OPT_Careers_TeamUnderBalloonArch-445x296.jpg 445w\"\n                 sizes=\"(max-width: 720px), 40vw, 300px\"\n                 alt=\"OPT_Careers_TeamUnderBalloonArch\" \/>\n        <\/div>\n    <\/div>\n<\/div>\n<!-- end About Copy And Image -->\t\t\t\t<\/div>\n\t\t\t\t<\/div>\n\t\t\t\t<div class=\"elementor-element elementor-element-b1a0711 elementor-widget elementor-widget-ucaddon_values\" data-id=\"b1a0711\" data-element_type=\"widget\" data-e-type=\"widget\" data-widget_type=\"ucaddon_values.default\">\n\t\t\t\t<div class=\"elementor-widget-container\">\n\t\t\t\t\t\n<!-- start Values -->\n<style>\/* widget: Values *\/\n\n.block-values {\n    overflow: hidden;\n}\n\n.block-values.block-padding {\n    padding-bottom: 55px;\n}\n\n.block-values .block-value-list-item sup {\n  top: -9px;\n}\n\n\n.block-values .block-gradient-background {\n    width: 100%;\n    height: 100%;\n    display: none;\n    position: absolute;\n    top: 0;\n    left: 0;\n}\n\n.block-values .block-row {\n    max-width: 1160px;\n}\n\n.block-values .block-heading {\n  \ttext-transform: uppercase;\n}\n\n.block-values .block-value-list {\n  \tdisplay: flex;\n  \tflex-direction: row;\n    flex-wrap: wrap;\n}\n\n.block-values .block-value-list-item {\n \tflex: 0 0 50%; \n    padding: 0 30px 30px 0;\n}\n\n@media (max-width: 1024px) {\n\n    .block-values.block-padding {\n        padding-bottom: 35px;\n    }\n\n    .block-values .block-gradient-background {\n        display: inline;\n    }\n}\n@media (max-width: 768px) {\n  \n    .block-values .block-value-list {\n        justify-content: center;\n        flex-wrap: wrap;\n        height: 100%;\n    }\n\n    .block-values .block-value-list-item {\n        flex: 0 0 100%;\n        height: auto;\n        padding: 0 0 30px 0;\n    }\n}\n\n<\/style>\n\n<div class=\"block block-values block-padding\" style=\"background: #C7C8D6; background: -moz-linear-gradient(107deg, #C7C8D6 6%, #C7C8D6 100%); background: -webkit-linear-gradient(107deg, #C7C8D6 6%, #C7C8D6 100%); background: linear-gradient(107deg, #C7C8D6 0%, #C7C8D6 100%); filter: progid:DXImageTransform.Microsoft.gradient(startColorstr='#C7C8D6',endColorstr='#C7C8D6',GradientType=1);\">\n    <div class=\"block-gradient-background\" style=\"background: #C7C8D6; background: -moz-linear-gradient(160deg, #C7C8D6 6%, #C7C8D6 100%); background: -webkit-linear-gradient(160deg, #C7C8D6 6%, #C7C8D6 100%); background: linear-gradient(160deg, #C7C8D6 6%, #C7C8D6 100%); filter: progid:DXImageTransform.Microsoft.gradient(startColorstr='#C7C8D6',endColorstr='#C7C8D6',GradientType=1);\"><\/div>\n    <div class=\"block-row\">\n      <div class=\"block-column\">\n                <h3 class=\"block-heading heading-rounded-xs\">Nuestros valores<\/h3>\n                \n      <\/div>\n    <\/div>\n    <div class=\"block-row\">\n      <div class=\"block-column block-value-list\">\n      <div class=\"block-value-list-item heading-medium-lg\">Centrados en el paciente<\/div>\n<div class=\"block-value-list-item heading-medium-lg\">Jugador de equipo<\/div>\n<div class=\"block-value-list-item heading-medium-lg\">Integridad<\/div>\n<div class=\"block-value-list-item heading-medium-lg\">Rendici\u00f3n de cuentas<\/div>\n<div class=\"block-value-list-item heading-medium-lg\">Responsabilidad<\/div>\n<div class=\"block-value-list-item heading-medium-lg\">Respetar<\/div>\n\n      <\/div>\n    <\/div>\n<\/div>\n<!-- end Values -->\t\t\t\t<\/div>\n\t\t\t\t<\/div>\n\t\t\t\t<div class=\"elementor-element elementor-element-edd0f22 elementor-widget elementor-widget-ucaddon_team_members\" data-id=\"edd0f22\" data-element_type=\"widget\" data-e-type=\"widget\" data-widget_type=\"ucaddon_team_members.default\">\n\t\t\t\t<div class=\"elementor-widget-container\">\n\t\t\t\t\t\n<!-- start Team Members -->\n<style>\/* widget: Team Members *\/\n\n.block-team-members {\n  overflow: hidden;\n}\n\n.block-team-members .block-heading {\n    margin-bottom: 25px;\n}\n\n.block-team-members .block-body {\n    margin-bottom: 40px;\n  max-width: 525px;\n}\n\n.block-team-members .block-subheading {\n    margin-bottom: 25px;\n  \ttext-transform: uppercase;\n}\n\n.block-team-members .block-member .block-heading {\n \tcolor: #3C0F3F; \n}\n\n.block-team-members .block-member .block-subheading {\n \tcolor: #170319; \n}\n\n.block-team-members .block-row:nth-child(1) {\n  padding: 60px 140px 0;\n  max-width: 1440px;\n}\n\n.block-team-members .block-row:nth-child(2) {\n  padding: 0 127px 5px;\n  max-width: 1440px;\n}\n\n.block-team-members .block-team {\n \tdisplay: flex;\n  \tflex-direction: row;\n  \tflex-wrap: wrap;\n  width: 100%;\n  position: relative;\n}\n\n.block-team-members .block-member {\n \tflex: 0 0 33.3333%;\n  \tpadding: 0 14px 80px;\n}\n\n.block-team-members .block-member .block-image {\n  margin-bottom: 25px;\n  width: 100%;\n}\n.block-team-members .block-member .block-heading {\n  margin-bottom: 10px;\n}\n\n.block-team-members .block-member .block-subheading {\n  text-transform: none;\n  margin-bottom: 0;\n}\n\n@media (max-width: 1024px) {\n  \n  .block-team-members .block-row:nth-child(1) {\n    padding: 60px 34px 0;\n  }\n\n  .block-team-members .block-row:nth-child(2) {\n    padding: 0 20px 5px;\n  }\n\n  .block-team-members .block-member {\n      padding: 0 14px 60px;\n  }\n  \n}\n\n@media (max-width: 768px) {\n\n  .block-team-members .block-member {\n    flex: 0 0 50%;\n  }\n  \n}\n\n@media (max-width: 550px) {\n\n  .block-team-members .block-member {\n    flex: 0 0 100%;\n  }\n  \n}\n\n<\/style>\n\n<div class=\"block block-team-members\">\n    <div class=\"block-row\">\n        <div class=\"block-column\">\n                        <h2 class=\"block-heading heading-medium-xl\">Equipo directivo<\/h2>\n                                    <div class=\"block-body body-md\"><p>PromptMed Urgent Care se estableci\u00f3 en 2014 como una cl\u00ednica independiente en Waukegan, Illinois. R\u00e1pidamente, la cl\u00ednica se convirti\u00f3 en una fuente de atenci\u00f3n m\u00e9dica apreciada y confiable en la comunidad de Waukegan.<\/p><p>Reconociendo la necesidad inmediata de atenci\u00f3n m\u00e9dica de calidad el mismo d\u00eda, Hunter A. Davis y el Dr. John Jurica ampliaron sus servicios a trav\u00e9s de nuevas ubicaciones en todo el condado de Lake, Illinois.<\/p><p>Cada nueva cl\u00ednica de PromptMed Urgent Care se ha construido sobre los mismos principios que hicieron tan querida a la original. Juntos podemos construir una comunidad m\u00e1s sana y fuerte en el condado de Lake, una visita de atenci\u00f3n urgente a la vez.<\/p><\/div>\n                                <\/div>\n    <\/div>\n    <div class=\"block-row\">\n        <div class=\"block-column\">\n            <div class=\"block-team\">\n                <div class=\"block-member\">\n  \t<img decoding=\"async\" class=\"block-image\" src=\"https:\/\/www.promptmedurgentcare.net\/wp-content\/uploads\/2025\/04\/OPT_AboutUs_Hunter.webp\" width=\"400\"\n                srcset=\"https:\/\/www.promptmedurgentcare.net\/wp-content\/uploads\/2025\/04\/OPT_AboutUs_Hunter.webp 400w, https:\/\/www.promptmedurgentcare.net\/wp-content\/uploads\/2025\/04\/OPT_AboutUs_Hunter.webp 200w\"\n                sizes=\"(max-width: 400px), 100vw, 361px\" alt=\"OPT_AboutUs_Hunter\" \/>\n    <div class=\"block-heading heading-rounded-xs\">Hunter A. Davis, MBA<\/div>\n    <div class=\"block-subheading body-md\">Presidente y Consejero Delegado<\/div>\n<\/div>\n<div class=\"block-member\">\n  \t<img decoding=\"async\" class=\"block-image\" src=\"https:\/\/www.promptmedurgentcare.net\/wp-content\/uploads\/2025\/04\/OPT_AboutUS_Jurica.webp\" width=\"400\"\n                srcset=\"https:\/\/www.promptmedurgentcare.net\/wp-content\/uploads\/2025\/04\/OPT_AboutUS_Jurica.webp 400w, https:\/\/www.promptmedurgentcare.net\/wp-content\/uploads\/2025\/04\/OPT_AboutUS_Jurica.webp 200w\"\n                sizes=\"(max-width: 400px), 100vw, 361px\" alt=\"OPT_AboutUS_Jurica\" \/>\n    <div class=\"block-heading heading-rounded-xs\">Dr. John Jurica, MD, MPH<\/div>\n    <div class=\"block-subheading body-md\">Director m\u00e9dico<\/div>\n<\/div>\n\n            <\/div>\n        <\/div>\n    <\/div>\n<\/div>\n<!-- end Team Members -->\t\t\t\t<\/div>\n\t\t\t\t<\/div>\n\t\t\t\t\t<\/div>\n\t\t<\/section>\n\t\t\t\t\t<\/div>\n\t\t<\/section>\n\t\t\t\t<\/div>\n\t\t","protected":false},"excerpt":{"rendered":"<p>Sobre nosotros En PromptMed Urgent Care, somos m\u00e1s que una cl\u00ednica; somos un socio de confianza en su cuidado de la salud. Las comunidades a las que servimos son nuestra prioridad. Cada interacci\u00f3n es una oportunidad para marcar la diferencia, y lo tomamos muy en serio. Escuchamos, nos importan las personas y nos esforzamos al [&hellip;]<\/p>\n","protected":false},"author":1,"featured_media":0,"parent":0,"menu_order":0,"comment_status":"closed","ping_status":"closed","template":"","meta":{"_acf_changed":false,"footnotes":""},"class_list":["post-3158","page","type-page","status-publish","hentry"],"acf":[],"yoast_head":"<!-- This site is optimized with the Yoast SEO plugin v27.0 - https:\/\/yoast.com\/product\/yoast-seo-wordpress\/ -->\n<title>Qui\u00e9nes somos - PromptMed Urgent Care<\/title>\n<meta name=\"description\" content=\"Nuestra misi\u00f3n es generar un impacto positivo en las vidas de personas y familias garantizando que su salud est\u00e9 en buenas manos, sin importar las circunstancias.\" \/>\n<meta name=\"robots\" content=\"index, follow, max-snippet:-1, max-image-preview:large, max-video-preview:-1\" \/>\n<link rel=\"canonical\" href=\"https:\/\/www.promptmedurgentcare.net\/es\/about-us\/\" \/>\n<meta property=\"og:locale\" content=\"es_ES\" \/>\n<meta property=\"og:type\" content=\"article\" \/>\n<meta property=\"og:title\" content=\"Qui\u00e9nes somos - PromptMed Urgent Care\" \/>\n<meta property=\"og:description\" content=\"Nuestra misi\u00f3n es generar un impacto positivo en las vidas de personas y familias garantizando que su salud est\u00e9 en buenas manos, sin importar las circunstancias.\" \/>\n<meta property=\"og:url\" content=\"https:\/\/www.promptmedurgentcare.net\/es\/about-us\/\" \/>\n<meta property=\"og:site_name\" content=\"PromptMed Urgent Care\" \/>\n<meta property=\"article:modified_time\" content=\"2025-10-29T19:49:53+00:00\" \/>\n<meta property=\"og:image\" content=\"https:\/\/www.promptmedurgentcare.net\/wp-content\/uploads\/2025\/04\/OPT_Careers_TeamUnderBalloonArch.jpg\" \/>\n<meta name=\"twitter:card\" content=\"summary_large_image\" \/>\n<meta name=\"twitter:label1\" content=\"Tiempo de lectura\" \/>\n\t<meta name=\"twitter:data1\" content=\"2 minutos\" \/>\n<script type=\"application\/ld+json\" class=\"yoast-schema-graph\">{\"@context\":\"https:\/\/schema.org\",\"@graph\":[{\"@type\":\"WebPage\",\"@id\":\"https:\/\/www.promptmedurgentcare.net\/es\/about-us\/\",\"url\":\"https:\/\/www.promptmedurgentcare.net\/es\/about-us\/\",\"name\":\"Qui\u00e9nes somos - PromptMed Urgent Care\",\"isPartOf\":{\"@id\":\"https:\/\/promptmedurgentcare.net\/#website\"},\"primaryImageOfPage\":{\"@id\":\"https:\/\/www.promptmedurgentcare.net\/es\/about-us\/#primaryimage\"},\"image\":{\"@id\":\"https:\/\/www.promptmedurgentcare.net\/es\/about-us\/#primaryimage\"},\"thumbnailUrl\":\"https:\/\/www.promptmedurgentcare.net\/wp-content\/uploads\/2025\/04\/OPT_Careers_TeamUnderBalloonArch.jpg\",\"datePublished\":\"2023-08-07T21:05:15+00:00\",\"dateModified\":\"2025-10-29T19:49:53+00:00\",\"description\":\"Nuestra misi\u00f3n es generar un impacto positivo en las vidas de personas y familias garantizando que su salud est\u00e9 en buenas manos, sin importar las circunstancias.\",\"breadcrumb\":{\"@id\":\"https:\/\/www.promptmedurgentcare.net\/es\/about-us\/#breadcrumb\"},\"inLanguage\":\"es\",\"potentialAction\":[{\"@type\":\"ReadAction\",\"target\":[\"https:\/\/www.promptmedurgentcare.net\/es\/about-us\/\"]}]},{\"@type\":\"ImageObject\",\"inLanguage\":\"es\",\"@id\":\"https:\/\/www.promptmedurgentcare.net\/es\/about-us\/#primaryimage\",\"url\":\"https:\/\/www.promptmedurgentcare.net\/wp-content\/uploads\/2025\/04\/OPT_Careers_TeamUnderBalloonArch.jpg\",\"contentUrl\":\"https:\/\/www.promptmedurgentcare.net\/wp-content\/uploads\/2025\/04\/OPT_Careers_TeamUnderBalloonArch.jpg\"},{\"@type\":\"BreadcrumbList\",\"@id\":\"https:\/\/www.promptmedurgentcare.net\/es\/about-us\/#breadcrumb\",\"itemListElement\":[{\"@type\":\"ListItem\",\"position\":1,\"name\":\"Home\",\"item\":\"https:\/\/www.promptmedurgentcare.net\/es\/\"},{\"@type\":\"ListItem\",\"position\":2,\"name\":\"Qui\u00e9nes somos\"}]},{\"@type\":\"WebSite\",\"@id\":\"https:\/\/promptmedurgentcare.net\/#website\",\"url\":\"https:\/\/promptmedurgentcare.net\/\",\"name\":\"PromptMed Urgent Care\",\"description\":\"Neighborhood Walk-In Medical Clinics\",\"publisher\":{\"@id\":\"https:\/\/promptmedurgentcare.net\/#organization\"},\"potentialAction\":[{\"@type\":\"SearchAction\",\"target\":{\"@type\":\"EntryPoint\",\"urlTemplate\":\"https:\/\/promptmedurgentcare.net\/?s={search_term_string}\"},\"query-input\":{\"@type\":\"PropertyValueSpecification\",\"valueRequired\":true,\"valueName\":\"search_term_string\"}}],\"inLanguage\":\"es\"},{\"@type\":\"Organization\",\"@id\":\"https:\/\/promptmedurgentcare.net\/#organization\",\"name\":\"PromptMed Urgent Care\",\"url\":\"https:\/\/promptmedurgentcare.net\/\",\"logo\":{\"@type\":\"ImageObject\",\"inLanguage\":\"es\",\"@id\":\"https:\/\/promptmedurgentcare.net\/#\/schema\/logo\/image\/\",\"url\":\"https:\/\/www.promptmedurgentcare.net\/wp-content\/uploads\/2023\/07\/promptmed-logo.svg\",\"contentUrl\":\"https:\/\/www.promptmedurgentcare.net\/wp-content\/uploads\/2023\/07\/promptmed-logo.svg\",\"caption\":\"PromptMed Urgent Care\"},\"image\":{\"@id\":\"https:\/\/promptmedurgentcare.net\/#\/schema\/logo\/image\/\"}}]}<\/script>\n<!-- \/ Yoast SEO plugin. -->","yoast_head_json":{"title":"Qui\u00e9nes somos - PromptMed Urgent Care","description":"Nuestra misi\u00f3n es generar un impacto positivo en las vidas de personas y familias garantizando que su salud est\u00e9 en buenas manos, sin importar las circunstancias.","robots":{"index":"index","follow":"follow","max-snippet":"max-snippet:-1","max-image-preview":"max-image-preview:large","max-video-preview":"max-video-preview:-1"},"canonical":"https:\/\/www.promptmedurgentcare.net\/es\/about-us\/","og_locale":"es_ES","og_type":"article","og_title":"Qui\u00e9nes somos - PromptMed Urgent Care","og_description":"Nuestra misi\u00f3n es generar un impacto positivo en las vidas de personas y familias garantizando que su salud est\u00e9 en buenas manos, sin importar las circunstancias.","og_url":"https:\/\/www.promptmedurgentcare.net\/es\/about-us\/","og_site_name":"PromptMed Urgent Care","article_modified_time":"2025-10-29T19:49:53+00:00","og_image":[{"url":"https:\/\/www.promptmedurgentcare.net\/wp-content\/uploads\/2025\/04\/OPT_Careers_TeamUnderBalloonArch.jpg","type":"","width":"","height":""}],"twitter_card":"summary_large_image","twitter_misc":{"Tiempo de lectura":"2 minutos"},"schema":{"@context":"https:\/\/schema.org","@graph":[{"@type":"WebPage","@id":"https:\/\/www.promptmedurgentcare.net\/es\/about-us\/","url":"https:\/\/www.promptmedurgentcare.net\/es\/about-us\/","name":"Qui\u00e9nes somos - PromptMed Urgent Care","isPartOf":{"@id":"https:\/\/promptmedurgentcare.net\/#website"},"primaryImageOfPage":{"@id":"https:\/\/www.promptmedurgentcare.net\/es\/about-us\/#primaryimage"},"image":{"@id":"https:\/\/www.promptmedurgentcare.net\/es\/about-us\/#primaryimage"},"thumbnailUrl":"https:\/\/www.promptmedurgentcare.net\/wp-content\/uploads\/2025\/04\/OPT_Careers_TeamUnderBalloonArch.jpg","datePublished":"2023-08-07T21:05:15+00:00","dateModified":"2025-10-29T19:49:53+00:00","description":"Nuestra misi\u00f3n es generar un impacto positivo en las vidas de personas y familias garantizando que su salud est\u00e9 en buenas manos, sin importar las circunstancias.","breadcrumb":{"@id":"https:\/\/www.promptmedurgentcare.net\/es\/about-us\/#breadcrumb"},"inLanguage":"es","potentialAction":[{"@type":"ReadAction","target":["https:\/\/www.promptmedurgentcare.net\/es\/about-us\/"]}]},{"@type":"ImageObject","inLanguage":"es","@id":"https:\/\/www.promptmedurgentcare.net\/es\/about-us\/#primaryimage","url":"https:\/\/www.promptmedurgentcare.net\/wp-content\/uploads\/2025\/04\/OPT_Careers_TeamUnderBalloonArch.jpg","contentUrl":"https:\/\/www.promptmedurgentcare.net\/wp-content\/uploads\/2025\/04\/OPT_Careers_TeamUnderBalloonArch.jpg"},{"@type":"BreadcrumbList","@id":"https:\/\/www.promptmedurgentcare.net\/es\/about-us\/#breadcrumb","itemListElement":[{"@type":"ListItem","position":1,"name":"Home","item":"https:\/\/www.promptmedurgentcare.net\/es\/"},{"@type":"ListItem","position":2,"name":"Qui\u00e9nes somos"}]},{"@type":"WebSite","@id":"https:\/\/promptmedurgentcare.net\/#website","url":"https:\/\/promptmedurgentcare.net\/","name":"PromptMed Urgent Care","description":"Neighborhood Walk-In Medical Clinics","publisher":{"@id":"https:\/\/promptmedurgentcare.net\/#organization"},"potentialAction":[{"@type":"SearchAction","target":{"@type":"EntryPoint","urlTemplate":"https:\/\/promptmedurgentcare.net\/?s={search_term_string}"},"query-input":{"@type":"PropertyValueSpecification","valueRequired":true,"valueName":"search_term_string"}}],"inLanguage":"es"},{"@type":"Organization","@id":"https:\/\/promptmedurgentcare.net\/#organization","name":"PromptMed Urgent Care","url":"https:\/\/promptmedurgentcare.net\/","logo":{"@type":"ImageObject","inLanguage":"es","@id":"https:\/\/promptmedurgentcare.net\/#\/schema\/logo\/image\/","url":"https:\/\/www.promptmedurgentcare.net\/wp-content\/uploads\/2023\/07\/promptmed-logo.svg","contentUrl":"https:\/\/www.promptmedurgentcare.net\/wp-content\/uploads\/2023\/07\/promptmed-logo.svg","caption":"PromptMed Urgent Care"},"image":{"@id":"https:\/\/promptmedurgentcare.net\/#\/schema\/logo\/image\/"}}]}},"_links":{"self":[{"href":"https:\/\/www.promptmedurgentcare.net\/es\/wp-json\/wp\/v2\/pages\/3158","targetHints":{"allow":["GET"]}}],"collection":[{"href":"https:\/\/www.promptmedurgentcare.net\/es\/wp-json\/wp\/v2\/pages"}],"about":[{"href":"https:\/\/www.promptmedurgentcare.net\/es\/wp-json\/wp\/v2\/types\/page"}],"author":[{"embeddable":true,"href":"https:\/\/www.promptmedurgentcare.net\/es\/wp-json\/wp\/v2\/users\/1"}],"replies":[{"embeddable":true,"href":"https:\/\/www.promptmedurgentcare.net\/es\/wp-json\/wp\/v2\/comments?post=3158"}],"version-history":[{"count":10,"href":"https:\/\/www.promptmedurgentcare.net\/es\/wp-json\/wp\/v2\/pages\/3158\/revisions"}],"predecessor-version":[{"id":9119,"href":"https:\/\/www.promptmedurgentcare.net\/es\/wp-json\/wp\/v2\/pages\/3158\/revisions\/9119"}],"wp:attachment":[{"href":"https:\/\/www.promptmedurgentcare.net\/es\/wp-json\/wp\/v2\/media?parent=3158"}],"curies":[{"name":"wp","href":"https:\/\/api.w.org\/{rel}","templated":true}]}}